{"id":10,"date":"2024-08-29T11:27:31","date_gmt":"2024-08-29T11:27:31","guid":{"rendered":"https:\/\/revolutionsoft.shop\/?page_id=10"},"modified":"2025-07-25T09:13:08","modified_gmt":"2025-07-25T09:13:08","slug":"aviso-legal","status":"publish","type":"page","link":"https:\/\/dxasuport.es\/en\/aviso-legal\/","title":{"rendered":"Legal Notice"},"content":{"rendered":"<p data-start=\"211\" data-end=\"434\">En cumplimiento con lo dispuesto en la <strong data-start=\"250\" data-end=\"281\">Ley 34\/2002, de 11 de julio<\/strong>, de Servicios de la Sociedad de la Informaci\u00f3n y de Comercio Electr\u00f3nico (<strong data-start=\"356\" data-end=\"367\">LSSI-CE<\/strong>), se informa de los siguientes aspectos legales de este sitio web:<\/p>\n<hr data-start=\"436\" data-end=\"439\" \/>\n<h3 data-start=\"441\" data-end=\"470\">Titularidad del Sitio Web<\/h3>\n<ul data-start=\"472\" data-end=\"792\">\n<li data-start=\"472\" data-end=\"512\">\n<p data-start=\"474\" data-end=\"512\"><strong data-start=\"474\" data-end=\"490\">Raz\u00f3n social<\/strong>: Quim Rosales Rafel<\/p>\n<\/li>\n<li data-start=\"513\" data-end=\"535\">\n<p data-start=\"515\" data-end=\"535\"><strong data-start=\"515\" data-end=\"522\">NIF<\/strong>: 35084479A<\/p>\n<\/li>\n<li data-start=\"536\" data-end=\"600\">\n<p data-start=\"538\" data-end=\"600\"><strong data-start=\"538\" data-end=\"567\">Domicilio fiscal y social<\/strong>: Calle Garbi 2 \u2013 08395, Espa\u00f1a<\/p>\n<\/li>\n<li data-start=\"601\" data-end=\"684\">\n<p data-start=\"603\" data-end=\"684\"><strong data-start=\"603\" data-end=\"625\">Email<\/strong>: <a class=\"cursor-pointer\" rel=\"noopener\" data-start=\"627\" data-end=\"682\">quim.rosales@gmail.com<\/a><\/p>\n<\/li>\n<li data-start=\"685\" data-end=\"730\">\n<p data-start=\"687\" data-end=\"730\"><strong data-start=\"687\" data-end=\"711\">Tel\u00e9fono de contacto<\/strong>: +34 661196255<\/p>\n<\/li>\n<li data-start=\"731\" data-end=\"792\">\n<p data-start=\"733\" data-end=\"792\"><strong data-start=\"733\" data-end=\"746\">Sitio web<\/strong>: <a class=\"\" href=\"https:\/\/dxasuport.es\/en\/\" target=\"_new\" rel=\"noopener\" data-start=\"748\" data-end=\"792\">https:\/\/dxasuport.es<\/a><\/p>\n<\/li>\n<\/ul>\n<hr data-start=\"794\" data-end=\"797\" \/>\n<h3 data-start=\"799\" data-end=\"821\">Condiciones de uso<\/h3>\n<p data-start=\"823\" data-end=\"1106\">El acceso y uso del sitio web de <strong data-start=\"856\" data-end=\"878\">Quim Rosales Rafel<\/strong> atribuye la condici\u00f3n de usuario, e implica la aceptaci\u00f3n plena y sin reservas de todas y cada una de las disposiciones incluidas en este Aviso Legal, en la versi\u00f3n publicada en el momento en que el usuario acceda al sitio web.<\/p>\n<hr data-start=\"1108\" data-end=\"1111\" \/>\n<h3 data-start=\"1113\" data-end=\"1151\">Propiedad Intelectual e Industrial<\/h3>\n<p data-start=\"1153\" data-end=\"1626\">Todos los contenidos del sitio web, entendiendo por estos, a t\u00edtulo enunciativo, los textos, fotograf\u00edas, gr\u00e1ficos, im\u00e1genes, iconos, tecnolog\u00eda, software, y dem\u00e1s contenidos audiovisuales o sonoros, as\u00ed como su dise\u00f1o gr\u00e1fico y c\u00f3digos fuente, son propiedad intelectual de <strong data-start=\"1427\" data-end=\"1449\">Quim Rosales Rafel<\/strong>, sin que puedan entenderse cedidos al usuario ninguno de los derechos de explotaci\u00f3n sobre los mismos m\u00e1s all\u00e1 de lo estrictamente necesario para el correcto uso del sitio web.<\/p>\n<hr data-start=\"1628\" data-end=\"1631\" \/>\n<h3 data-start=\"1633\" data-end=\"1656\">Protecci\u00f3n de Datos<\/h3>\n<p data-start=\"1658\" data-end=\"1960\"><strong data-start=\"1658\" data-end=\"1680\">Quim Rosales Rafel<\/strong> cumple con la normativa vigente en materia de protecci\u00f3n de datos, y asegura la correcta gesti\u00f3n de los datos de car\u00e1cter personal que puedan recabarse a trav\u00e9s de los formularios de contacto en el sitio web, de acuerdo con lo dispuesto en el <strong data-start=\"1924\" data-end=\"1959\">Reglamento (UE) 2016\/679 (RGPD)<\/strong>.<\/p>\n<hr data-start=\"1962\" data-end=\"1965\" \/>\n<h3 data-start=\"1967\" data-end=\"2004\">Responsabilidad de los Contenidos<\/h3>\n<p data-start=\"2006\" data-end=\"2275\"><strong data-start=\"2006\" data-end=\"2028\">Quim Rosales Rafel<\/strong> no se responsabiliza de la legalidad de otros sitios web de terceros desde los que pueda accederse a este sitio web. Tampoco responde por la legalidad de otros sitios web de terceros que pudieran estar vinculados o enlazados desde este sitio web.<\/p>\n<hr data-start=\"2277\" data-end=\"2280\" \/>\n<h3 data-start=\"2282\" data-end=\"2322\">Legislaci\u00f3n y Jurisdicci\u00f3n Aplicable<\/h3>\n<p data-start=\"2324\" data-end=\"2573\">La relaci\u00f3n entre <strong data-start=\"2342\" data-end=\"2364\">Quim Rosales Rafel<\/strong> y el usuario se regir\u00e1 por la normativa espa\u00f1ola vigente, y cualquier controversia se someter\u00e1 a los <strong data-start=\"2466\" data-end=\"2517\">Juzgados y Tribunales de la ciudad de Barcelona<\/strong>, salvo que la legislaci\u00f3n aplicable disponga otra cosa.<\/p>\n<hr data-start=\"2575\" data-end=\"2578\" \/>\n<h3 data-start=\"2580\" data-end=\"2592\">Contact<\/h3>\n<p data-start=\"2594\" data-end=\"2792\">Para m\u00e1s informaci\u00f3n o cualquier duda sobre este Aviso Legal, por favor p\u00f3ngase en contacto con nosotros a trav\u00e9s del correo electr\u00f3nico:<br data-start=\"2731\" data-end=\"2734\" \/>\ud83d\udce7 <a class=\"cursor-pointer\" rel=\"noopener\" data-start=\"2737\" data-end=\"2792\">quim.rosales@gmail.com<\/a><\/p>","protected":false},"excerpt":{"rendered":"<p>En cumplimiento con lo dispuesto en la Ley 34\/2002, de 11 de julio, de Servicios de la Sociedad de la Informaci\u00f3n y de Comercio Electr\u00f3nico (LSSI-CE), se informa de los siguientes aspectos legales de este sitio web: Titularidad del Sitio Web Raz\u00f3n social: Quim Rosales Rafel NIF: 35084479A Domicilio fiscal y social: Calle Garbi 2 [&hellip;]<\/p>\n","protected":false},"author":1,"featured_media":0,"parent":0,"menu_order":0,"comment_status":"closed","ping_status":"closed","template":"","meta":{"site-sidebar-layout":"default","site-content-layout":"","ast-site-content-layout":"default","site-content-style":"default","site-sidebar-style":"default","ast-global-header-display":"","ast-banner-title-visibility":"","ast-main-header-display":"","ast-hfb-above-header-display":"","ast-hfb-below-header-display":"","ast-hfb-mobile-header-display":"","site-post-title":"","ast-breadcrumbs-content":"","ast-featured-img":"","footer-sml-layout":"","ast-disable-related-posts":"","theme-transparent-header-meta":"default","adv-header-id-meta":"","stick-header-meta":"","header-above-stick-meta":"","header-main-stick-meta":"","header-below-stick-meta":"","astra-migrate-meta-layouts":"set","ast-page-background-enabled":"default","ast-page-background-meta":{"desktop":{"background-color":"var(--ast-global-color-4)","background-image":"","background-repeat":"repeat","background-position":"center center","background-size":"auto","background-attachment":"scroll","background-type":"","background-media":"","overlay-type":"","overlay-color":"","overlay-opacity":"","overlay-gradient":""},"tablet":{"background-color":"","background-image":"","background-repeat":"repeat","background-position":"center center","background-size":"auto","background-attachment":"scroll","background-type":"","background-media":"","overlay-type":"","overlay-color":"","overlay-opacity":"","overlay-gradient":""},"mobile":{"background-color":"","background-image":"","background-repeat":"repeat","background-position":"center center","background-size":"auto","background-attachment":"scroll","background-type":"","background-media":"","overlay-type":"","overlay-color":"","overlay-opacity":"","overlay-gradient":""}},"ast-content-background-meta":{"desktop":{"background-color":"var(--ast-global-color-5)","background-image":"","background-repeat":"repeat","background-position":"center center","background-size":"auto","background-attachment":"scroll","background-type":"","background-media":"","overlay-type":"","overlay-color":"","overlay-opacity":"","overlay-gradient":""},"tablet":{"background-color":"var(--ast-global-color-5)","background-image":"","background-repeat":"repeat","background-position":"center center","background-size":"auto","background-attachment":"scroll","background-type":"","background-media":"","overlay-type":"","overlay-color":"","overlay-opacity":"","overlay-gradient":""},"mobile":{"background-color":"var(--ast-global-color-5)","background-image":"","background-repeat":"repeat","background-position":"center center","background-size":"auto","background-attachment":"scroll","background-type":"","background-media":"","overlay-type":"","overlay-color":"","overlay-opacity":"","overlay-gradient":""}},"_joinchat":[],"footnotes":""},"class_list":["post-10","page","type-page","status-publish","hentry"],"yoast_head":"<!-- This site is optimized with the Yoast SEO plugin v27.4 - https:\/\/yoast.com\/product\/yoast-seo-wordpress\/ -->\n<title>Aviso Legal - DXASuport | Consultor\u00eda y Formaci\u00f3n en Densitometr\u00eda \u00d3sea para Profesionales Sanitarios<\/title>\n<meta name=\"robots\" content=\"noindex, follow\" \/>\n<meta property=\"og:locale\" content=\"en_GB\" \/>\n<meta property=\"og:type\" content=\"article\" \/>\n<meta property=\"og:title\" content=\"Aviso Legal - DXASuport | Consultor\u00eda y Formaci\u00f3n en Densitometr\u00eda \u00d3sea para Profesionales Sanitarios\" \/>\n<meta property=\"og:description\" content=\"En cumplimiento con lo dispuesto en la Ley 34\/2002, de 11 de julio, de Servicios de la Sociedad de la Informaci\u00f3n y de Comercio Electr\u00f3nico (LSSI-CE), se informa de los siguientes aspectos legales de este sitio web: Titularidad del Sitio Web Raz\u00f3n social: Quim Rosales Rafel NIF: 35084479A Domicilio fiscal y social: Calle Garbi 2 [&hellip;]\" \/>\n<meta property=\"og:url\" content=\"https:\/\/dxasuport.es\/en\/aviso-legal\/\" \/>\n<meta property=\"og:site_name\" content=\"DXASuport | Consultor\u00eda y Formaci\u00f3n en Densitometr\u00eda \u00d3sea para Profesionales Sanitarios\" \/>\n<meta property=\"article:modified_time\" content=\"2025-07-25T09:13:08+00:00\" \/>\n<meta name=\"twitter:card\" content=\"summary_large_image\" \/>\n<meta name=\"twitter:label1\" content=\"Estimated reading time\" \/>\n\t<meta name=\"twitter:data1\" content=\"2 minutes\" \/>\n<script type=\"application\/ld+json\" class=\"yoast-schema-graph\">{\"@context\":\"https:\\\/\\\/schema.org\",\"@graph\":[{\"@type\":\"WebPage\",\"@id\":\"https:\\\/\\\/dxasuport.es\\\/aviso-legal\\\/\",\"url\":\"https:\\\/\\\/dxasuport.es\\\/aviso-legal\\\/\",\"name\":\"Aviso Legal - DXASuport | Consultor\u00eda y Formaci\u00f3n en Densitometr\u00eda \u00d3sea para Profesionales Sanitarios\",\"isPartOf\":{\"@id\":\"https:\\\/\\\/dxasuport.es\\\/#website\"},\"datePublished\":\"2024-08-29T11:27:31+00:00\",\"dateModified\":\"2025-07-25T09:13:08+00:00\",\"breadcrumb\":{\"@id\":\"https:\\\/\\\/dxasuport.es\\\/aviso-legal\\\/#breadcrumb\"},\"inLanguage\":\"en-GB\",\"potentialAction\":[{\"@type\":\"ReadAction\",\"target\":[\"https:\\\/\\\/dxasuport.es\\\/aviso-legal\\\/\"]}]},{\"@type\":\"BreadcrumbList\",\"@id\":\"https:\\\/\\\/dxasuport.es\\\/aviso-legal\\\/#breadcrumb\",\"itemListElement\":[{\"@type\":\"ListItem\",\"position\":1,\"name\":\"Portada\",\"item\":\"https:\\\/\\\/dxasuport.es\\\/\"},{\"@type\":\"ListItem\",\"position\":2,\"name\":\"Aviso Legal\"}]},{\"@type\":\"WebSite\",\"@id\":\"https:\\\/\\\/dxasuport.es\\\/#website\",\"url\":\"https:\\\/\\\/dxasuport.es\\\/\",\"name\":\"DXASuport | Consultor\u00eda y Formaci\u00f3n en Densitometr\u00eda \u00d3sea para Profesionales Sanitarios\",\"description\":\"Consultor\u00eda experta y formaci\u00f3n online en densitometr\u00eda \u00f3sea para m\u00e9dicos, t\u00e9cnicos y hospitales. M\u00e1s de 35 a\u00f1os de experiencia. Cursos, asistencia remota y resoluci\u00f3n de dudas cl\u00ednicas.\",\"publisher\":{\"@id\":\"https:\\\/\\\/dxasuport.es\\\/#organization\"},\"potentialAction\":[{\"@type\":\"SearchAction\",\"target\":{\"@type\":\"EntryPoint\",\"urlTemplate\":\"https:\\\/\\\/dxasuport.es\\\/?s={search_term_string}\"},\"query-input\":{\"@type\":\"PropertyValueSpecification\",\"valueRequired\":true,\"valueName\":\"search_term_string\"}}],\"inLanguage\":\"en-GB\"},{\"@type\":\"Organization\",\"@id\":\"https:\\\/\\\/dxasuport.es\\\/#organization\",\"name\":\"DXASuport | Consultor\u00eda y Formaci\u00f3n en Densitometr\u00eda \u00d3sea para Profesionales Sanitarios\",\"url\":\"https:\\\/\\\/dxasuport.es\\\/\",\"logo\":{\"@type\":\"ImageObject\",\"inLanguage\":\"en-GB\",\"@id\":\"https:\\\/\\\/dxasuport.es\\\/#\\\/schema\\\/logo\\\/image\\\/\",\"url\":\"https:\\\/\\\/dxasuport.es\\\/wp-content\\\/uploads\\\/2025\\\/06\\\/DXASuport-logo.png\",\"contentUrl\":\"https:\\\/\\\/dxasuport.es\\\/wp-content\\\/uploads\\\/2025\\\/06\\\/DXASuport-logo.png\",\"width\":1000,\"height\":262,\"caption\":\"DXASuport | Consultor\u00eda y Formaci\u00f3n en Densitometr\u00eda \u00d3sea para Profesionales Sanitarios\"},\"image\":{\"@id\":\"https:\\\/\\\/dxasuport.es\\\/#\\\/schema\\\/logo\\\/image\\\/\"}}]}<\/script>\n<!-- \/ Yoast SEO plugin. -->","yoast_head_json":{"title":"Aviso Legal - DXASuport | Consultor\u00eda y Formaci\u00f3n en Densitometr\u00eda \u00d3sea para Profesionales Sanitarios","robots":{"index":"noindex","follow":"follow"},"og_locale":"en_GB","og_type":"article","og_title":"Aviso Legal - DXASuport | Consultor\u00eda y Formaci\u00f3n en Densitometr\u00eda \u00d3sea para Profesionales Sanitarios","og_description":"En cumplimiento con lo dispuesto en la Ley 34\/2002, de 11 de julio, de Servicios de la Sociedad de la Informaci\u00f3n y de Comercio Electr\u00f3nico (LSSI-CE), se informa de los siguientes aspectos legales de este sitio web: Titularidad del Sitio Web Raz\u00f3n social: Quim Rosales Rafel NIF: 35084479A Domicilio fiscal y social: Calle Garbi 2 [&hellip;]","og_url":"https:\/\/dxasuport.es\/en\/aviso-legal\/","og_site_name":"DXASuport | Consultor\u00eda y Formaci\u00f3n en Densitometr\u00eda \u00d3sea para Profesionales Sanitarios","article_modified_time":"2025-07-25T09:13:08+00:00","twitter_card":"summary_large_image","twitter_misc":{"Estimated reading time":"2 minutes"},"schema":{"@context":"https:\/\/schema.org","@graph":[{"@type":"WebPage","@id":"https:\/\/dxasuport.es\/aviso-legal\/","url":"https:\/\/dxasuport.es\/aviso-legal\/","name":"Aviso Legal - DXASuport | Consultor\u00eda y Formaci\u00f3n en Densitometr\u00eda \u00d3sea para Profesionales Sanitarios","isPartOf":{"@id":"https:\/\/dxasuport.es\/#website"},"datePublished":"2024-08-29T11:27:31+00:00","dateModified":"2025-07-25T09:13:08+00:00","breadcrumb":{"@id":"https:\/\/dxasuport.es\/aviso-legal\/#breadcrumb"},"inLanguage":"en-GB","potentialAction":[{"@type":"ReadAction","target":["https:\/\/dxasuport.es\/aviso-legal\/"]}]},{"@type":"BreadcrumbList","@id":"https:\/\/dxasuport.es\/aviso-legal\/#breadcrumb","itemListElement":[{"@type":"ListItem","position":1,"name":"Portada","item":"https:\/\/dxasuport.es\/"},{"@type":"ListItem","position":2,"name":"Aviso Legal"}]},{"@type":"WebSite","@id":"https:\/\/dxasuport.es\/#website","url":"https:\/\/dxasuport.es\/","name":"DXASuport | Consultor\u00eda y Formaci\u00f3n en Densitometr\u00eda \u00d3sea para Profesionales Sanitarios","description":"Consultor\u00eda experta y formaci\u00f3n online en densitometr\u00eda \u00f3sea para m\u00e9dicos, t\u00e9cnicos y hospitales. M\u00e1s de 35 a\u00f1os de experiencia. Cursos, asistencia remota y resoluci\u00f3n de dudas cl\u00ednicas.","publisher":{"@id":"https:\/\/dxasuport.es\/#organization"},"potentialAction":[{"@type":"SearchAction","target":{"@type":"EntryPoint","urlTemplate":"https:\/\/dxasuport.es\/?s={search_term_string}"},"query-input":{"@type":"PropertyValueSpecification","valueRequired":true,"valueName":"search_term_string"}}],"inLanguage":"en-GB"},{"@type":"Organization","@id":"https:\/\/dxasuport.es\/#organization","name":"DXASuport | Consultor\u00eda y Formaci\u00f3n en Densitometr\u00eda \u00d3sea para Profesionales Sanitarios","url":"https:\/\/dxasuport.es\/","logo":{"@type":"ImageObject","inLanguage":"en-GB","@id":"https:\/\/dxasuport.es\/#\/schema\/logo\/image\/","url":"https:\/\/dxasuport.es\/wp-content\/uploads\/2025\/06\/DXASuport-logo.png","contentUrl":"https:\/\/dxasuport.es\/wp-content\/uploads\/2025\/06\/DXASuport-logo.png","width":1000,"height":262,"caption":"DXASuport | Consultor\u00eda y Formaci\u00f3n en Densitometr\u00eda \u00d3sea para Profesionales Sanitarios"},"image":{"@id":"https:\/\/dxasuport.es\/#\/schema\/logo\/image\/"}}]}},"_links":{"self":[{"href":"https:\/\/dxasuport.es\/en\/wp-json\/wp\/v2\/pages\/10","targetHints":{"allow":["GET"]}}],"collection":[{"href":"https:\/\/dxasuport.es\/en\/wp-json\/wp\/v2\/pages"}],"about":[{"href":"https:\/\/dxasuport.es\/en\/wp-json\/wp\/v2\/types\/page"}],"author":[{"embeddable":true,"href":"https:\/\/dxasuport.es\/en\/wp-json\/wp\/v2\/users\/1"}],"replies":[{"embeddable":true,"href":"https:\/\/dxasuport.es\/en\/wp-json\/wp\/v2\/comments?post=10"}],"version-history":[{"count":4,"href":"https:\/\/dxasuport.es\/en\/wp-json\/wp\/v2\/pages\/10\/revisions"}],"predecessor-version":[{"id":1953,"href":"https:\/\/dxasuport.es\/en\/wp-json\/wp\/v2\/pages\/10\/revisions\/1953"}],"wp:attachment":[{"href":"https:\/\/dxasuport.es\/en\/wp-json\/wp\/v2\/media?parent=10"}],"curies":[{"name":"wp","href":"https:\/\/api.w.org\/{rel}","templated":true}]}}