{"id":12,"date":"2024-08-29T11:28:24","date_gmt":"2024-08-29T11:28:24","guid":{"rendered":"https:\/\/revolutionsoft.shop\/?page_id=12"},"modified":"2025-06-26T11:57:16","modified_gmt":"2025-06-26T11:57:16","slug":"politica-cookies","status":"publish","type":"page","link":"https:\/\/dxasuport.es\/en\/politica-cookies\/","title":{"rendered":"Cookie Policy"},"content":{"rendered":"<p data-start=\"211\" data-end=\"499\">En el sitio web de <strong data-start=\"230\" data-end=\"252\">Quim Rosales Rafel<\/strong> utilizamos cookies para mejorar la experiencia de los usuarios, facilitar la navegaci\u00f3n y optimizar el rendimiento de nuestro sitio web. A continuaci\u00f3n, te explicamos qu\u00e9 son las cookies, qu\u00e9 tipo de cookies utilizamos y c\u00f3mo puedes gestionarlas.<\/p>\n<hr data-start=\"501\" data-end=\"504\" \/>\n<h3 data-start=\"506\" data-end=\"531\">\u00bfQu\u00e9 son las Cookies?<\/h3>\n<p data-start=\"533\" data-end=\"867\">Las cookies son peque\u00f1os archivos de texto que se almacenan en el dispositivo del usuario (ordenador, smartphone, tablet, etc.) cuando visita un sitio web. Estas cookies permiten que el sitio web recuerde informaci\u00f3n sobre tu visita, como el idioma preferido, los productos que has a\u00f1adido al carrito o tus preferencias de navegaci\u00f3n.<\/p>\n<hr data-start=\"869\" data-end=\"872\" \/>\n<h3 data-start=\"874\" data-end=\"905\">Tipos de Cookies Utilizadas<\/h3>\n<p data-start=\"907\" data-end=\"1150\"><strong data-start=\"907\" data-end=\"941\">Cookies T\u00e9cnicas o Necesarias:<\/strong><br data-start=\"941\" data-end=\"944\" \/>Estas cookies son esenciales para el funcionamiento del sitio web y permiten al usuario navegar por el sitio y utilizar sus funciones b\u00e1sicas, como el acceso a \u00e1reas seguras o el procesamiento de un pedido.<\/p>\n<p data-start=\"1152\" data-end=\"1322\"><strong data-start=\"1152\" data-end=\"1180\">Cookies de Preferencias:<\/strong><br data-start=\"1180\" data-end=\"1183\" \/>Permiten recordar las preferencias del usuario, como el idioma o la configuraci\u00f3n regional, para mejorar la experiencia en futuras visitas.<\/p>\n<p data-start=\"1324\" data-end=\"1643\"><strong data-start=\"1324\" data-end=\"1362\">Cookies de An\u00e1lisis o Rendimiento:<\/strong><br data-start=\"1362\" data-end=\"1365\" \/>Estas cookies recopilan informaci\u00f3n sobre c\u00f3mo los usuarios interact\u00faan con el sitio web, como las p\u00e1ginas que m\u00e1s visitan, los enlaces en los que hacen clic o el tiempo que pasan en el sitio. Esta informaci\u00f3n nos ayuda a mejorar el rendimiento y la funcionalidad del sitio web.<\/p>\n<p data-start=\"1645\" data-end=\"1993\"><strong data-start=\"1645\" data-end=\"1683\">Cookies de Publicidad o Marketing:<\/strong><br data-start=\"1683\" data-end=\"1686\" \/>Utilizamos estas cookies para mostrar anuncios m\u00e1s relevantes para los usuarios en funci\u00f3n de sus intereses, tanto en nuestro sitio como en otros sitios web. Estas cookies tambi\u00e9n limitan el n\u00famero de veces que un usuario ve un anuncio y nos ayudan a medir la efectividad de nuestras campa\u00f1as publicitarias.<\/p>\n<p data-start=\"1995\" data-end=\"2273\"><strong data-start=\"1995\" data-end=\"2019\">Cookies de Terceros:<\/strong><br data-start=\"2019\" data-end=\"2022\" \/>En algunas secciones de nuestro sitio web pueden instalarse cookies de terceros, como Google Analytics, para el an\u00e1lisis de datos y redes sociales (como botones de compartir). Estas cookies son gestionadas por terceros y no por <strong data-start=\"2250\" data-end=\"2272\">Quim Rosales Rafel<\/strong>.<\/p>\n<hr data-start=\"2275\" data-end=\"2278\" \/>\n<h3 data-start=\"2280\" data-end=\"2312\">\u00bfC\u00f3mo gestionar las Cookies?<\/h3>\n<p data-start=\"2314\" data-end=\"2594\">Al acceder a nuestro sitio web por primera vez, ver\u00e1s un banner de cookies que te permitir\u00e1 aceptar o configurar el uso de las cookies de acuerdo con tus preferencias. En cualquier momento, puedes gestionar tus preferencias de cookies a trav\u00e9s de la configuraci\u00f3n de tu navegador:<\/p>\n<ul data-start=\"2596\" data-end=\"3367\">\n<li data-start=\"2596\" data-end=\"2727\">\n<p data-start=\"2598\" data-end=\"2727\"><strong data-start=\"2598\" data-end=\"2615\">Google Chrome<\/strong>: <a class=\"\" href=\"https:\/\/support.google.com\/chrome\/answer\/95647?hl=es\" target=\"_new\" rel=\"noopener\" data-start=\"2617\" data-end=\"2725\">https:\/\/support.google.com\/chrome\/answer\/95647?hl=es<\/a><\/p>\n<\/li>\n<li data-start=\"2728\" data-end=\"2955\">\n<p data-start=\"2730\" data-end=\"2955\"><strong data-start=\"2730\" data-end=\"2749\">Mozilla Firefox<\/strong>: <a class=\"\" href=\"https:\/\/support.mozilla.org\/es\/kb\/habilitar-y-deshabilitar-cookies-sitios-web-rastrear-preferencias\" target=\"_new\" rel=\"noopener\" data-start=\"2751\" data-end=\"2953\">https:\/\/support.mozilla.org\/es\/kb\/habilitar-y-deshabilitar-cookies-sitios-web-rastrear-preferencias<\/a><\/p>\n<\/li>\n<li data-start=\"2956\" data-end=\"3092\">\n<p data-start=\"2958\" data-end=\"3092\"><strong data-start=\"2958\" data-end=\"2968\">Safari<\/strong>: <a class=\"\" href=\"https:\/\/support.apple.com\/es-es\/guide\/safari\/sfri11471\/mac\" target=\"_new\" rel=\"noopener\" data-start=\"2970\" data-end=\"3090\">https:\/\/support.apple.com\/es-es\/guide\/safari\/sfri11471\/mac<\/a><\/p>\n<\/li>\n<li data-start=\"3093\" data-end=\"3367\">\n<p data-start=\"3095\" data-end=\"3367\"><strong data-start=\"3095\" data-end=\"3113\">Microsoft Edge<\/strong>: <a class=\"\" href=\"https:\/\/support.microsoft.com\/es-es\/microsoft-edge\/borrar-las-cookies-en-microsoft-edge-63947406-40ac-c3b8-57b9-2a946a29ae09\" target=\"_new\" rel=\"noopener\" data-start=\"3115\" data-end=\"3367\">https:\/\/support.microsoft.com\/es-es\/microsoft-edge\/borrar-las-cookies-en-microsoft-edge-63947406-40ac-c3b8-57b9-2a946a29ae09<\/a><\/p>\n<\/li>\n<\/ul>\n<p data-start=\"3369\" data-end=\"3534\">Si deshabilitas las cookies, es posible que algunas funcionalidades de nuestro sitio web no funcionen correctamente o que la experiencia del usuario se vea afectada.<\/p>\n<hr data-start=\"3536\" data-end=\"3539\" \/>\n<h3 data-start=\"3541\" data-end=\"3581\">Cookies utilizadas en este sitio web<\/h3>\n<p data-start=\"3583\" data-end=\"3675\">A continuaci\u00f3n, ofrecemos un listado de las principales cookies utilizadas en nuestro sitio:<\/p>\n<div class=\"_tableContainer_16hzy_1\">\n<div class=\"_tableWrapper_16hzy_14 group flex w-fit flex-col-reverse\" tabindex=\"-1\">\n<table class=\"w-fit min-w-(--thread-content-width)\" data-start=\"3677\" data-end=\"4281\">\n<thead data-start=\"3677\" data-end=\"3775\">\n<tr data-start=\"3677\" data-end=\"3775\">\n<th data-start=\"3677\" data-end=\"3699\" data-col-size=\"sm\">Nombre de la cookie<\/th>\n<th data-start=\"3699\" data-end=\"3711\" data-col-size=\"sm\">Proveedor<\/th>\n<th data-start=\"3711\" data-end=\"3761\" data-col-size=\"md\">Prop\u00f3sito<\/th>\n<th data-start=\"3761\" data-end=\"3775\" data-col-size=\"sm\">Duraci\u00f3n<\/th>\n<\/tr>\n<\/thead>\n<tbody data-start=\"3874\" data-end=\"4281\">\n<tr data-start=\"3874\" data-end=\"3975\">\n<td data-start=\"3874\" data-end=\"3897\" data-col-size=\"sm\">CookieConsent<\/td>\n<td data-col-size=\"sm\" data-start=\"3897\" data-end=\"3909\">Propia<\/td>\n<td data-col-size=\"md\" data-start=\"3909\" data-end=\"3961\">Almacena el consentimiento de cookies del usuario<\/td>\n<td data-col-size=\"sm\" data-start=\"3961\" data-end=\"3975\">1 a\u00f1o<\/td>\n<\/tr>\n<tr data-start=\"3976\" data-end=\"4076\">\n<td data-start=\"3976\" data-end=\"3998\" data-col-size=\"sm\">_ga<\/td>\n<td data-col-size=\"sm\" data-start=\"3998\" data-end=\"4010\">Google<\/td>\n<td data-col-size=\"md\" data-start=\"4010\" data-end=\"4062\">Se utiliza para distinguir a los usuarios<\/td>\n<td data-col-size=\"sm\" data-start=\"4062\" data-end=\"4076\">2 a\u00f1os<\/td>\n<\/tr>\n<tr data-start=\"4077\" data-end=\"4177\">\n<td data-start=\"4077\" data-end=\"4099\" data-col-size=\"sm\">_gid<\/td>\n<td data-col-size=\"sm\" data-start=\"4099\" data-end=\"4111\">Google<\/td>\n<td data-col-size=\"md\" data-start=\"4111\" data-end=\"4163\">Se utiliza para distinguir a los usuarios<\/td>\n<td data-col-size=\"sm\" data-start=\"4163\" data-end=\"4177\">24 horas<\/td>\n<\/tr>\n<tr data-start=\"4178\" data-end=\"4281\">\n<td data-start=\"4178\" data-end=\"4200\" data-col-size=\"sm\">_gat<\/td>\n<td data-col-size=\"sm\" data-start=\"4200\" data-end=\"4212\">Google<\/td>\n<td data-col-size=\"md\" data-start=\"4212\" data-end=\"4267\">Se utiliza para limitar el porcentaje de solicitudes<\/td>\n<td data-col-size=\"sm\" data-start=\"4267\" data-end=\"4281\">1 minuto<\/td>\n<\/tr>\n<\/tbody>\n<\/table>\n<div class=\"sticky end-(--thread-content-margin) h-0 self-end select-none\">\n<div class=\"absolute end-0 flex items-end\"><\/div>\n<\/div>\n<\/div>\n<\/div>\n<hr data-start=\"4283\" data-end=\"4286\" \/>\n<h3 data-start=\"4288\" data-end=\"4343\">Actualizaciones y cambios en la Pol\u00edtica de Cookies<\/h3>\n<p data-start=\"4345\" data-end=\"4609\"><strong data-start=\"4345\" data-end=\"4367\">Quim Rosales Rafel<\/strong> se reserva el derecho de modificar esta Pol\u00edtica de Cookies en cualquier momento. Cualquier cambio ser\u00e1 publicado en este sitio web. Te recomendamos revisar esta pol\u00edtica peri\u00f3dicamente para estar informado sobre c\u00f3mo utilizamos las cookies.<\/p>","protected":false},"excerpt":{"rendered":"<p>En el sitio web de Quim Rosales Rafel utilizamos cookies para mejorar la experiencia de los usuarios, facilitar la navegaci\u00f3n y optimizar el rendimiento de nuestro sitio web. A continuaci\u00f3n, te explicamos qu\u00e9 son las cookies, qu\u00e9 tipo de cookies utilizamos y c\u00f3mo puedes gestionarlas. \u00bfQu\u00e9 son las Cookies? Las cookies son peque\u00f1os archivos de [&hellip;]<\/p>\n","protected":false},"author":1,"featured_media":0,"parent":0,"menu_order":0,"comment_status":"closed","ping_status":"closed","template":"","meta":{"site-sidebar-layout":"default","site-content-layout":"","ast-site-content-layout":"default","site-content-style":"default","site-sidebar-style":"default","ast-global-header-display":"","ast-banner-title-visibility":"","ast-main-header-display":"","ast-hfb-above-header-display":"","ast-hfb-below-header-display":"","ast-hfb-mobile-header-display":"","site-post-title":"","ast-breadcrumbs-content":"","ast-featured-img":"","footer-sml-layout":"","ast-disable-related-posts":"","theme-transparent-header-meta":"default","adv-header-id-meta":"","stick-header-meta":"","header-above-stick-meta":"","header-main-stick-meta":"","header-below-stick-meta":"","astra-migrate-meta-layouts":"set","ast-page-background-enabled":"default","ast-page-background-meta":{"desktop":{"background-color":"var(--ast-global-color-4)","background-image":"","background-repeat":"repeat","background-position":"center center","background-size":"auto","background-attachment":"scroll","background-type":"","background-media":"","overlay-type":"","overlay-color":"","overlay-opacity":"","overlay-gradient":""},"tablet":{"background-color":"","background-image":"","background-repeat":"repeat","background-position":"center center","background-size":"auto","background-attachment":"scroll","background-type":"","background-media":"","overlay-type":"","overlay-color":"","overlay-opacity":"","overlay-gradient":""},"mobile":{"background-color":"","background-image":"","background-repeat":"repeat","background-position":"center center","background-size":"auto","background-attachment":"scroll","background-type":"","background-media":"","overlay-type":"","overlay-color":"","overlay-opacity":"","overlay-gradient":""}},"ast-content-background-meta":{"desktop":{"background-color":"var(--ast-global-color-5)","background-image":"","background-repeat":"repeat","background-position":"center center","background-size":"auto","background-attachment":"scroll","background-type":"","background-media":"","overlay-type":"","overlay-color":"","overlay-opacity":"","overlay-gradient":""},"tablet":{"background-color":"var(--ast-global-color-5)","background-image":"","background-repeat":"repeat","background-position":"center center","background-size":"auto","background-attachment":"scroll","background-type":"","background-media":"","overlay-type":"","overlay-color":"","overlay-opacity":"","overlay-gradient":""},"mobile":{"background-color":"var(--ast-global-color-5)","background-image":"","background-repeat":"repeat","background-position":"center center","background-size":"auto","background-attachment":"scroll","background-type":"","background-media":"","overlay-type":"","overlay-color":"","overlay-opacity":"","overlay-gradient":""}},"_joinchat":[],"footnotes":""},"class_list":["post-12","page","type-page","status-publish","hentry"],"yoast_head":"<!-- This site is optimized with the Yoast SEO plugin v27.4 - https:\/\/yoast.com\/product\/yoast-seo-wordpress\/ -->\n<title>Pol\u00edtica de Cookies - DXASuport | Consultor\u00eda y Formaci\u00f3n en Densitometr\u00eda \u00d3sea para Profesionales Sanitarios<\/title>\n<meta name=\"robots\" content=\"noindex, follow\" \/>\n<meta property=\"og:locale\" content=\"en_GB\" \/>\n<meta property=\"og:type\" content=\"article\" \/>\n<meta property=\"og:title\" content=\"Pol\u00edtica de Cookies - DXASuport | Consultor\u00eda y Formaci\u00f3n en Densitometr\u00eda \u00d3sea para Profesionales Sanitarios\" \/>\n<meta property=\"og:description\" content=\"En el sitio web de Quim Rosales Rafel utilizamos cookies para mejorar la experiencia de los usuarios, facilitar la navegaci\u00f3n y optimizar el rendimiento de nuestro sitio web. A continuaci\u00f3n, te explicamos qu\u00e9 son las cookies, qu\u00e9 tipo de cookies utilizamos y c\u00f3mo puedes gestionarlas. \u00bfQu\u00e9 son las Cookies? Las cookies son peque\u00f1os archivos de [&hellip;]\" \/>\n<meta property=\"og:url\" content=\"https:\/\/dxasuport.es\/en\/politica-cookies\/\" \/>\n<meta property=\"og:site_name\" content=\"DXASuport | Consultor\u00eda y Formaci\u00f3n en Densitometr\u00eda \u00d3sea para Profesionales Sanitarios\" \/>\n<meta property=\"article:modified_time\" content=\"2025-06-26T11:57:16+00:00\" \/>\n<meta name=\"twitter:card\" content=\"summary_large_image\" \/>\n<meta name=\"twitter:label1\" content=\"Estimated reading time\" \/>\n\t<meta name=\"twitter:data1\" content=\"3 minutes\" \/>\n<script type=\"application\/ld+json\" class=\"yoast-schema-graph\">{\"@context\":\"https:\\\/\\\/schema.org\",\"@graph\":[{\"@type\":\"WebPage\",\"@id\":\"https:\\\/\\\/dxasuport.es\\\/politica-cookies\\\/\",\"url\":\"https:\\\/\\\/dxasuport.es\\\/politica-cookies\\\/\",\"name\":\"Pol\u00edtica de Cookies - DXASuport | Consultor\u00eda y Formaci\u00f3n en Densitometr\u00eda \u00d3sea para Profesionales Sanitarios\",\"isPartOf\":{\"@id\":\"https:\\\/\\\/dxasuport.es\\\/#website\"},\"datePublished\":\"2024-08-29T11:28:24+00:00\",\"dateModified\":\"2025-06-26T11:57:16+00:00\",\"breadcrumb\":{\"@id\":\"https:\\\/\\\/dxasuport.es\\\/politica-cookies\\\/#breadcrumb\"},\"inLanguage\":\"en-GB\",\"potentialAction\":[{\"@type\":\"ReadAction\",\"target\":[\"https:\\\/\\\/dxasuport.es\\\/politica-cookies\\\/\"]}]},{\"@type\":\"BreadcrumbList\",\"@id\":\"https:\\\/\\\/dxasuport.es\\\/politica-cookies\\\/#breadcrumb\",\"itemListElement\":[{\"@type\":\"ListItem\",\"position\":1,\"name\":\"Portada\",\"item\":\"https:\\\/\\\/dxasuport.es\\\/\"},{\"@type\":\"ListItem\",\"position\":2,\"name\":\"Pol\u00edtica de Cookies\"}]},{\"@type\":\"WebSite\",\"@id\":\"https:\\\/\\\/dxasuport.es\\\/#website\",\"url\":\"https:\\\/\\\/dxasuport.es\\\/\",\"name\":\"DXASuport | Consultor\u00eda y Formaci\u00f3n en Densitometr\u00eda \u00d3sea para Profesionales Sanitarios\",\"description\":\"Consultor\u00eda experta y formaci\u00f3n online en densitometr\u00eda \u00f3sea para m\u00e9dicos, t\u00e9cnicos y hospitales. M\u00e1s de 35 a\u00f1os de experiencia. Cursos, asistencia remota y resoluci\u00f3n de dudas cl\u00ednicas.\",\"publisher\":{\"@id\":\"https:\\\/\\\/dxasuport.es\\\/#organization\"},\"potentialAction\":[{\"@type\":\"SearchAction\",\"target\":{\"@type\":\"EntryPoint\",\"urlTemplate\":\"https:\\\/\\\/dxasuport.es\\\/?s={search_term_string}\"},\"query-input\":{\"@type\":\"PropertyValueSpecification\",\"valueRequired\":true,\"valueName\":\"search_term_string\"}}],\"inLanguage\":\"en-GB\"},{\"@type\":\"Organization\",\"@id\":\"https:\\\/\\\/dxasuport.es\\\/#organization\",\"name\":\"DXASuport | Consultor\u00eda y Formaci\u00f3n en Densitometr\u00eda \u00d3sea para Profesionales Sanitarios\",\"url\":\"https:\\\/\\\/dxasuport.es\\\/\",\"logo\":{\"@type\":\"ImageObject\",\"inLanguage\":\"en-GB\",\"@id\":\"https:\\\/\\\/dxasuport.es\\\/#\\\/schema\\\/logo\\\/image\\\/\",\"url\":\"https:\\\/\\\/dxasuport.es\\\/wp-content\\\/uploads\\\/2025\\\/06\\\/DXASuport-logo.png\",\"contentUrl\":\"https:\\\/\\\/dxasuport.es\\\/wp-content\\\/uploads\\\/2025\\\/06\\\/DXASuport-logo.png\",\"width\":1000,\"height\":262,\"caption\":\"DXASuport | Consultor\u00eda y Formaci\u00f3n en Densitometr\u00eda \u00d3sea para Profesionales Sanitarios\"},\"image\":{\"@id\":\"https:\\\/\\\/dxasuport.es\\\/#\\\/schema\\\/logo\\\/image\\\/\"}}]}<\/script>\n<!-- \/ Yoast SEO plugin. -->","yoast_head_json":{"title":"Pol\u00edtica de Cookies - DXASuport | Consultor\u00eda y Formaci\u00f3n en Densitometr\u00eda \u00d3sea para Profesionales Sanitarios","robots":{"index":"noindex","follow":"follow"},"og_locale":"en_GB","og_type":"article","og_title":"Pol\u00edtica de Cookies - DXASuport | Consultor\u00eda y Formaci\u00f3n en Densitometr\u00eda \u00d3sea para Profesionales Sanitarios","og_description":"En el sitio web de Quim Rosales Rafel utilizamos cookies para mejorar la experiencia de los usuarios, facilitar la navegaci\u00f3n y optimizar el rendimiento de nuestro sitio web. A continuaci\u00f3n, te explicamos qu\u00e9 son las cookies, qu\u00e9 tipo de cookies utilizamos y c\u00f3mo puedes gestionarlas. \u00bfQu\u00e9 son las Cookies? Las cookies son peque\u00f1os archivos de [&hellip;]","og_url":"https:\/\/dxasuport.es\/en\/politica-cookies\/","og_site_name":"DXASuport | Consultor\u00eda y Formaci\u00f3n en Densitometr\u00eda \u00d3sea para Profesionales Sanitarios","article_modified_time":"2025-06-26T11:57:16+00:00","twitter_card":"summary_large_image","twitter_misc":{"Estimated reading time":"3 minutes"},"schema":{"@context":"https:\/\/schema.org","@graph":[{"@type":"WebPage","@id":"https:\/\/dxasuport.es\/politica-cookies\/","url":"https:\/\/dxasuport.es\/politica-cookies\/","name":"Pol\u00edtica de Cookies - DXASuport | Consultor\u00eda y Formaci\u00f3n en Densitometr\u00eda \u00d3sea para Profesionales Sanitarios","isPartOf":{"@id":"https:\/\/dxasuport.es\/#website"},"datePublished":"2024-08-29T11:28:24+00:00","dateModified":"2025-06-26T11:57:16+00:00","breadcrumb":{"@id":"https:\/\/dxasuport.es\/politica-cookies\/#breadcrumb"},"inLanguage":"en-GB","potentialAction":[{"@type":"ReadAction","target":["https:\/\/dxasuport.es\/politica-cookies\/"]}]},{"@type":"BreadcrumbList","@id":"https:\/\/dxasuport.es\/politica-cookies\/#breadcrumb","itemListElement":[{"@type":"ListItem","position":1,"name":"Portada","item":"https:\/\/dxasuport.es\/"},{"@type":"ListItem","position":2,"name":"Pol\u00edtica de Cookies"}]},{"@type":"WebSite","@id":"https:\/\/dxasuport.es\/#website","url":"https:\/\/dxasuport.es\/","name":"DXASuport | Consultor\u00eda y Formaci\u00f3n en Densitometr\u00eda \u00d3sea para Profesionales Sanitarios","description":"Consultor\u00eda experta y formaci\u00f3n online en densitometr\u00eda \u00f3sea para m\u00e9dicos, t\u00e9cnicos y hospitales. M\u00e1s de 35 a\u00f1os de experiencia. Cursos, asistencia remota y resoluci\u00f3n de dudas cl\u00ednicas.","publisher":{"@id":"https:\/\/dxasuport.es\/#organization"},"potentialAction":[{"@type":"SearchAction","target":{"@type":"EntryPoint","urlTemplate":"https:\/\/dxasuport.es\/?s={search_term_string}"},"query-input":{"@type":"PropertyValueSpecification","valueRequired":true,"valueName":"search_term_string"}}],"inLanguage":"en-GB"},{"@type":"Organization","@id":"https:\/\/dxasuport.es\/#organization","name":"DXASuport | Consultor\u00eda y Formaci\u00f3n en Densitometr\u00eda \u00d3sea para Profesionales Sanitarios","url":"https:\/\/dxasuport.es\/","logo":{"@type":"ImageObject","inLanguage":"en-GB","@id":"https:\/\/dxasuport.es\/#\/schema\/logo\/image\/","url":"https:\/\/dxasuport.es\/wp-content\/uploads\/2025\/06\/DXASuport-logo.png","contentUrl":"https:\/\/dxasuport.es\/wp-content\/uploads\/2025\/06\/DXASuport-logo.png","width":1000,"height":262,"caption":"DXASuport | Consultor\u00eda y Formaci\u00f3n en Densitometr\u00eda \u00d3sea para Profesionales Sanitarios"},"image":{"@id":"https:\/\/dxasuport.es\/#\/schema\/logo\/image\/"}}]}},"_links":{"self":[{"href":"https:\/\/dxasuport.es\/en\/wp-json\/wp\/v2\/pages\/12","targetHints":{"allow":["GET"]}}],"collection":[{"href":"https:\/\/dxasuport.es\/en\/wp-json\/wp\/v2\/pages"}],"about":[{"href":"https:\/\/dxasuport.es\/en\/wp-json\/wp\/v2\/types\/page"}],"author":[{"embeddable":true,"href":"https:\/\/dxasuport.es\/en\/wp-json\/wp\/v2\/users\/1"}],"replies":[{"embeddable":true,"href":"https:\/\/dxasuport.es\/en\/wp-json\/wp\/v2\/comments?post=12"}],"version-history":[{"count":4,"href":"https:\/\/dxasuport.es\/en\/wp-json\/wp\/v2\/pages\/12\/revisions"}],"predecessor-version":[{"id":34,"href":"https:\/\/dxasuport.es\/en\/wp-json\/wp\/v2\/pages\/12\/revisions\/34"}],"wp:attachment":[{"href":"https:\/\/dxasuport.es\/en\/wp-json\/wp\/v2\/media?parent=12"}],"curies":[{"name":"wp","href":"https:\/\/api.w.org\/{rel}","templated":true}]}}