{"id":1784,"date":"2025-07-03T12:54:21","date_gmt":"2025-07-03T12:54:21","guid":{"rendered":"https:\/\/dxasuport.es\/?page_id=1784"},"modified":"2025-10-23T12:27:13","modified_gmt":"2025-10-23T12:27:13","slug":"consultoria-personalizada","status":"publish","type":"page","link":"https:\/\/dxasuport.es\/en\/consultoria-personalizada\/","title":{"rendered":"Personalized consulting"},"content":{"rendered":"<div data-elementor-type=\"wp-page\" data-elementor-id=\"1784\" class=\"elementor elementor-1784\" data-elementor-post-type=\"page\">\n\t\t\t\t<div data-particle_enable=\"false\" data-particle-mobile-disabled=\"false\" class=\"elementor-element elementor-element-7ca6b6f e-flex e-con-boxed e-con e-parent\" data-id=\"7ca6b6f\" data-element_type=\"container\" data-e-type=\"container\" data-settings=\"{&quot;background_background&quot;:&quot;classic&quot;}\">\n\t\t\t\t\t<div class=\"e-con-inner\">\n\t\t\t\t<div class=\"elementor-element elementor-element-019b9a1 elementor-widget elementor-widget-image-box\" data-id=\"019b9a1\" data-element_type=\"widget\" data-e-type=\"widget\" data-widget_type=\"image-box.default\">\n\t\t\t\t<div class=\"elementor-widget-container\">\n\t\t\t\t\t<div class=\"elementor-image-box-wrapper\"><div class=\"elementor-image-box-content\"><h1 class=\"elementor-image-box-title\">Consultor\u00eda personalizada en Densitometr\u00eda \u00d3sea<\/h1><\/div><\/div>\t\t\t\t<\/div>\n\t\t\t\t<\/div>\n\t\t\t\t\t<\/div>\n\t\t\t\t<\/div>\n\t\t<div data-particle_enable=\"false\" data-particle-mobile-disabled=\"false\" class=\"elementor-element elementor-element-211b647 e-flex e-con-boxed e-con e-parent\" data-id=\"211b647\" data-element_type=\"container\" data-e-type=\"container\" data-settings=\"{&quot;background_background&quot;:&quot;classic&quot;}\">\n\t\t\t\t\t<div class=\"e-con-inner\">\n\t\t<div data-particle_enable=\"false\" data-particle-mobile-disabled=\"false\" class=\"elementor-element elementor-element-efdfe2d e-con-full e-flex e-con e-child\" data-id=\"efdfe2d\" data-element_type=\"container\" data-e-type=\"container\">\n\t\t<div data-particle_enable=\"false\" data-particle-mobile-disabled=\"false\" class=\"elementor-element elementor-element-55c2ce5 e-con-full e-flex e-con e-child\" data-id=\"55c2ce5\" data-element_type=\"container\" data-e-type=\"container\">\n\t\t\t\t<div class=\"elementor-element elementor-element-60819e6 elementor-widget elementor-widget-image-box\" data-id=\"60819e6\" data-element_type=\"widget\" data-e-type=\"widget\" data-widget_type=\"image-box.default\">\n\t\t\t\t<div class=\"elementor-widget-container\">\n\t\t\t\t\t<div class=\"elementor-image-box-wrapper\"><div class=\"elementor-image-box-content\"><h2 class=\"elementor-image-box-title\">Specialized support in the clinical use of DXA Technology<\/h2><p class=\"elementor-image-box-description\">After <b>38 years of experience<\/b> with this technique, I\u2019ve observed that, despite advances, the same mistakes are still made in daily practice. Often, once the equipment is installed, users do not receive proper training, which leads to doubts and, sometimes, poorly performed tests. This can affect the reliability of densitometries and, consequently, the confidence in the results.<br><br>\nThat\u2019s why I created this service: <b>to offer you close and specialized support<\/b>, where you can resolve everyday questions, improve the quality of your tests, and ensure you\u2019re making the most of DXA technology. These services can be one-time, to address a specific question, or subscription-based, if you need ongoing and more in-depth guidance. You\u2019re not alone in this; here is a space to learn, clarify, and grow in your clinical practice.<\/p><\/div><\/div>\t\t\t\t<\/div>\n\t\t\t\t<\/div>\n\t\t\t\t<div class=\"elementor-element elementor-element-0895cd3 elementor-widget elementor-widget-image-box\" data-id=\"0895cd3\" data-element_type=\"widget\" data-e-type=\"widget\" data-widget_type=\"image-box.default\">\n\t\t\t\t<div class=\"elementor-widget-container\">\n\t\t\t\t\t<div class=\"elementor-image-box-wrapper\"><div class=\"elementor-image-box-content\"><h2 class=\"elementor-image-box-title\">\u00bfQu\u00e9 es la densitometr\u00eda \u00f3sea y por qu\u00e9 es fundamental en la pr\u00e1ctica cl\u00ednica?<\/h2><p class=\"elementor-image-box-description\">La densitometr\u00eda \u00f3sea es una t\u00e9cnica esencial para evaluar la salud \u00f3sea y prevenir fracturas, especialmente en pacientes con riesgo de osteoporosis. Con una correcta interpretaci\u00f3n y ejecuci\u00f3n, permite obtener resultados precisos que orientan el diagn\u00f3stico y el tratamiento. Sin embargo, la falta de formaci\u00f3n o una mala calibraci\u00f3n del equipo puede comprometer la fiabilidad del estudio.\n<\/p><\/div><\/div>\t\t\t\t<\/div>\n\t\t\t\t<\/div>\n\t\t\t\t<div class=\"elementor-element elementor-element-00186b6 elementor-widget elementor-widget-image-box\" data-id=\"00186b6\" data-element_type=\"widget\" data-e-type=\"widget\" data-widget_type=\"image-box.default\">\n\t\t\t\t<div class=\"elementor-widget-container\">\n\t\t\t\t\t<div class=\"elementor-image-box-wrapper\"><div class=\"elementor-image-box-content\"><h2 class=\"elementor-image-box-title\">Recomendaciones para hacerse una densitometr\u00eda<\/h2><p class=\"elementor-image-box-description\">\nSaber cu\u00e1ndo hacer una densitometr\u00eda \u00f3sea y c\u00f3mo prepararse correctamente es clave para garantizar la validez de la prueba. Entre las recomendaciones para hacerse una densitometr\u00eda, destacan la elecci\u00f3n de un centro con personal cualificado, evitar la ingesta de suplementos de calcio antes del examen y mantener un registro de estudios previos para comparar resultados. Una pr\u00e1ctica cuidadosa mejora la precisi\u00f3n y la confianza en los informes obtenidos.<\/p><\/div><\/div>\t\t\t\t<\/div>\n\t\t\t\t<\/div>\n\t\t\t\t<div class=\"elementor-element elementor-element-69db95f elementor-mobile-align-center elementor-widget elementor-widget-button\" data-id=\"69db95f\" data-element_type=\"widget\" data-e-type=\"widget\" data-widget_type=\"button.default\">\n\t\t\t\t<div class=\"elementor-widget-container\">\n\t\t\t\t\t\t\t\t\t<div class=\"elementor-button-wrapper\">\n\t\t\t\t\t<a class=\"elementor-button elementor-button-link elementor-size-sm\" href=\"https:\/\/dxasuport.es\/en\/contacto\/\">\n\t\t\t\t\t\t<span class=\"elementor-button-content-wrapper\">\n\t\t\t\t\t\t\t\t\t<span class=\"elementor-button-text\">Contact me<\/span>\n\t\t\t\t\t<\/span>\n\t\t\t\t\t<\/a>\n\t\t\t\t<\/div>\n\t\t\t\t\t\t\t\t<\/div>\n\t\t\t\t<\/div>\n\t\t\t\t<\/div>\n\t\t<div data-particle_enable=\"false\" data-particle-mobile-disabled=\"false\" class=\"elementor-element elementor-element-96d0306 e-con-full e-flex e-con e-child\" data-id=\"96d0306\" data-element_type=\"container\" data-e-type=\"container\">\n\t\t\t\t<div class=\"elementor-element elementor-element-6db5795 elementor-widget elementor-widget-image\" data-id=\"6db5795\" data-element_type=\"widget\" data-e-type=\"widget\" data-widget_type=\"image.default\">\n\t\t\t\t<div class=\"elementor-widget-container\">\n\t\t\t\t\t\t\t\t\t\t\t\t\t\t\t<img fetchpriority=\"high\" decoding=\"async\" width=\"1280\" height=\"720\" src=\"https:\/\/dxasuport.es\/wp-content\/uploads\/2025\/07\/WhatsApp-Image-2025-07-25-at-09.58.06.jpeg\" class=\"attachment-full size-full wp-image-1936\" alt=\"1\" srcset=\"https:\/\/dxasuport.es\/wp-content\/uploads\/2025\/07\/WhatsApp-Image-2025-07-25-at-09.58.06.jpeg 1280w, https:\/\/dxasuport.es\/wp-content\/uploads\/2025\/07\/WhatsApp-Image-2025-07-25-at-09.58.06-300x169.jpeg 300w, https:\/\/dxasuport.es\/wp-content\/uploads\/2025\/07\/WhatsApp-Image-2025-07-25-at-09.58.06-1024x576.jpeg 1024w, https:\/\/dxasuport.es\/wp-content\/uploads\/2025\/07\/WhatsApp-Image-2025-07-25-at-09.58.06-768x432.jpeg 768w\" sizes=\"(max-width: 1280px) 100vw, 1280px\" \/>\t\t\t\t\t\t\t\t\t\t\t\t\t\t\t<\/div>\n\t\t\t\t<\/div>\n\t\t\t\t<\/div>\n\t\t\t\t<\/div>\n\t\t\t\t\t<\/div>\n\t\t\t\t<\/div>\n\t\t\t\t<\/div>","protected":false},"excerpt":{"rendered":"<p>Consultor\u00eda personalizada en Densitometr\u00eda \u00d3sea Apoyo especializado en el uso cl\u00ednico de la Tecnolog\u00eda DXA Despu\u00e9s de 38 a\u00f1os de experiencia en esta t\u00e9cnica, he observado que, a pesar de los avances, todav\u00eda se cometen los mismos errores en la pr\u00e1ctica diaria. Muchas veces, una vez que se instala el equipo, los usuarios no reciben [&hellip;]<\/p>\n","protected":false},"author":1,"featured_media":0,"parent":0,"menu_order":0,"comment_status":"closed","ping_status":"closed","template":"","meta":{"site-sidebar-layout":"no-sidebar","site-content-layout":"page-builder","ast-site-content-layout":"full-width-container","site-content-style":"default","site-sidebar-style":"default","ast-global-header-display":"","ast-banner-title-visibility":"disabled","ast-main-header-display":"","ast-hfb-above-header-display":"","ast-hfb-below-header-display":"","ast-hfb-mobile-header-display":"","site-post-title":"disabled","ast-breadcrumbs-content":"","ast-featured-img":"disabled","footer-sml-layout":"","ast-disable-related-posts":"","theme-transparent-header-meta":"default","adv-header-id-meta":"","stick-header-meta":"","header-above-stick-meta":"","header-main-stick-meta":"","header-below-stick-meta":"","astra-migrate-meta-layouts":"set","ast-page-background-enabled":"default","ast-page-background-meta":{"desktop":{"background-color":"var(--ast-global-color-4)","background-image":"","background-repeat":"repeat","background-position":"center center","background-size":"auto","background-attachment":"scroll","background-type":"","background-media":"","overlay-type":"","overlay-color":"","overlay-opacity":"","overlay-gradient":""},"tablet":{"background-color":"","background-image":"","background-repeat":"repeat","background-position":"center center","background-size":"auto","background-attachment":"scroll","background-type":"","background-media":"","overlay-type":"","overlay-color":"","overlay-opacity":"","overlay-gradient":""},"mobile":{"background-color":"","background-image":"","background-repeat":"repeat","background-position":"center center","background-size":"auto","background-attachment":"scroll","background-type":"","background-media":"","overlay-type":"","overlay-color":"","overlay-opacity":"","overlay-gradient":""}},"ast-content-background-meta":{"desktop":{"background-color":"var(--ast-global-color-5)","background-image":"","background-repeat":"repeat","background-position":"center center","background-size":"auto","background-attachment":"scroll","background-type":"","background-media":"","overlay-type":"","overlay-color":"","overlay-opacity":"","overlay-gradient":""},"tablet":{"background-color":"var(--ast-global-color-5)","background-image":"","background-repeat":"repeat","background-position":"center center","background-size":"auto","background-attachment":"scroll","background-type":"","background-media":"","overlay-type":"","overlay-color":"","overlay-opacity":"","overlay-gradient":""},"mobile":{"background-color":"var(--ast-global-color-5)","background-image":"","background-repeat":"repeat","background-position":"center center","background-size":"auto","background-attachment":"scroll","background-type":"","background-media":"","overlay-type":"","overlay-color":"","overlay-opacity":"","overlay-gradient":""}},"_joinchat":[],"footnotes":""},"class_list":["post-1784","page","type-page","status-publish","hentry"],"yoast_head":"<!-- This site is optimized with the Yoast SEO plugin v27.4 - https:\/\/yoast.com\/product\/yoast-seo-wordpress\/ -->\n<title>Consultor\u00eda personalizada en densitometr\u00eda \u00f3sea | DXASuport<\/title>\n<meta name=\"description\" content=\"Asesor\u00eda experta en densitometr\u00eda \u00f3sea (DXA): interpretaci\u00f3n de estudios, dudas t\u00e9cnicas y apoyo cl\u00ednico. \u00a1Solicita tu consultor\u00eda ahora!\" \/>\n<meta name=\"robots\" content=\"index, follow, max-snippet:-1, max-image-preview:large, max-video-preview:-1\" \/>\n<link rel=\"canonical\" href=\"https:\/\/dxasuport.es\/en\/consultoria-personalizada\/\" \/>\n<meta property=\"og:locale\" content=\"en_GB\" \/>\n<meta property=\"og:type\" content=\"article\" \/>\n<meta property=\"og:title\" content=\"Consultor\u00eda personalizada en densitometr\u00eda \u00f3sea | DXASuport\" \/>\n<meta property=\"og:description\" content=\"Asesor\u00eda experta en densitometr\u00eda \u00f3sea (DXA): interpretaci\u00f3n de estudios, dudas t\u00e9cnicas y apoyo cl\u00ednico. \u00a1Solicita tu consultor\u00eda ahora!\" \/>\n<meta property=\"og:url\" content=\"https:\/\/dxasuport.es\/en\/consultoria-personalizada\/\" \/>\n<meta property=\"og:site_name\" content=\"DXASuport | Consultor\u00eda y Formaci\u00f3n en Densitometr\u00eda \u00d3sea para Profesionales Sanitarios\" \/>\n<meta property=\"article:modified_time\" content=\"2025-10-23T12:27:13+00:00\" \/>\n<meta property=\"og:image\" content=\"https:\/\/dxasuport.es\/wp-content\/uploads\/2025\/07\/WhatsApp-Image-2025-07-25-at-09.58.06.jpeg\" \/>\n\t<meta property=\"og:image:width\" content=\"1280\" \/>\n\t<meta property=\"og:image:height\" content=\"720\" \/>\n\t<meta property=\"og:image:type\" content=\"image\/jpeg\" \/>\n<meta name=\"twitter:card\" content=\"summary_large_image\" \/>\n<meta name=\"twitter:label1\" content=\"Estimated reading time\" \/>\n\t<meta name=\"twitter:data1\" content=\"2 minutes\" \/>\n<script type=\"application\/ld+json\" class=\"yoast-schema-graph\">{\"@context\":\"https:\\\/\\\/schema.org\",\"@graph\":[{\"@type\":\"WebPage\",\"@id\":\"https:\\\/\\\/dxasuport.es\\\/consultoria-personalizada\\\/\",\"url\":\"https:\\\/\\\/dxasuport.es\\\/consultoria-personalizada\\\/\",\"name\":\"Consultor\u00eda personalizada en densitometr\u00eda \u00f3sea | DXASuport\",\"isPartOf\":{\"@id\":\"https:\\\/\\\/dxasuport.es\\\/#website\"},\"primaryImageOfPage\":{\"@id\":\"https:\\\/\\\/dxasuport.es\\\/consultoria-personalizada\\\/#primaryimage\"},\"image\":{\"@id\":\"https:\\\/\\\/dxasuport.es\\\/consultoria-personalizada\\\/#primaryimage\"},\"thumbnailUrl\":\"https:\\\/\\\/dxasuport.es\\\/wp-content\\\/uploads\\\/2025\\\/07\\\/WhatsApp-Image-2025-07-25-at-09.58.06.jpeg\",\"datePublished\":\"2025-07-03T12:54:21+00:00\",\"dateModified\":\"2025-10-23T12:27:13+00:00\",\"description\":\"Asesor\u00eda experta en densitometr\u00eda \u00f3sea (DXA): interpretaci\u00f3n de estudios, dudas t\u00e9cnicas y apoyo cl\u00ednico. \u00a1Solicita tu consultor\u00eda ahora!\",\"breadcrumb\":{\"@id\":\"https:\\\/\\\/dxasuport.es\\\/consultoria-personalizada\\\/#breadcrumb\"},\"inLanguage\":\"en-GB\",\"potentialAction\":[{\"@type\":\"ReadAction\",\"target\":[\"https:\\\/\\\/dxasuport.es\\\/consultoria-personalizada\\\/\"]}]},{\"@type\":\"ImageObject\",\"inLanguage\":\"en-GB\",\"@id\":\"https:\\\/\\\/dxasuport.es\\\/consultoria-personalizada\\\/#primaryimage\",\"url\":\"https:\\\/\\\/dxasuport.es\\\/wp-content\\\/uploads\\\/2025\\\/07\\\/WhatsApp-Image-2025-07-25-at-09.58.06.jpeg\",\"contentUrl\":\"https:\\\/\\\/dxasuport.es\\\/wp-content\\\/uploads\\\/2025\\\/07\\\/WhatsApp-Image-2025-07-25-at-09.58.06.jpeg\"},{\"@type\":\"BreadcrumbList\",\"@id\":\"https:\\\/\\\/dxasuport.es\\\/consultoria-personalizada\\\/#breadcrumb\",\"itemListElement\":[{\"@type\":\"ListItem\",\"position\":1,\"name\":\"Portada\",\"item\":\"https:\\\/\\\/dxasuport.es\\\/\"},{\"@type\":\"ListItem\",\"position\":2,\"name\":\"Consultor\u00eda personalizada\"}]},{\"@type\":\"WebSite\",\"@id\":\"https:\\\/\\\/dxasuport.es\\\/#website\",\"url\":\"https:\\\/\\\/dxasuport.es\\\/\",\"name\":\"DXASuport | Consultor\u00eda y Formaci\u00f3n en Densitometr\u00eda \u00d3sea para Profesionales Sanitarios\",\"description\":\"Consultor\u00eda experta y formaci\u00f3n online en densitometr\u00eda \u00f3sea para m\u00e9dicos, t\u00e9cnicos y hospitales. M\u00e1s de 35 a\u00f1os de experiencia. Cursos, asistencia remota y resoluci\u00f3n de dudas cl\u00ednicas.\",\"publisher\":{\"@id\":\"https:\\\/\\\/dxasuport.es\\\/#organization\"},\"potentialAction\":[{\"@type\":\"SearchAction\",\"target\":{\"@type\":\"EntryPoint\",\"urlTemplate\":\"https:\\\/\\\/dxasuport.es\\\/?s={search_term_string}\"},\"query-input\":{\"@type\":\"PropertyValueSpecification\",\"valueRequired\":true,\"valueName\":\"search_term_string\"}}],\"inLanguage\":\"en-GB\"},{\"@type\":\"Organization\",\"@id\":\"https:\\\/\\\/dxasuport.es\\\/#organization\",\"name\":\"DXASuport | Consultor\u00eda y Formaci\u00f3n en Densitometr\u00eda \u00d3sea para Profesionales Sanitarios\",\"url\":\"https:\\\/\\\/dxasuport.es\\\/\",\"logo\":{\"@type\":\"ImageObject\",\"inLanguage\":\"en-GB\",\"@id\":\"https:\\\/\\\/dxasuport.es\\\/#\\\/schema\\\/logo\\\/image\\\/\",\"url\":\"https:\\\/\\\/dxasuport.es\\\/wp-content\\\/uploads\\\/2025\\\/06\\\/DXASuport-logo.png\",\"contentUrl\":\"https:\\\/\\\/dxasuport.es\\\/wp-content\\\/uploads\\\/2025\\\/06\\\/DXASuport-logo.png\",\"width\":1000,\"height\":262,\"caption\":\"DXASuport | Consultor\u00eda y Formaci\u00f3n en Densitometr\u00eda \u00d3sea para Profesionales Sanitarios\"},\"image\":{\"@id\":\"https:\\\/\\\/dxasuport.es\\\/#\\\/schema\\\/logo\\\/image\\\/\"}}]}<\/script>\n<!-- \/ Yoast SEO plugin. -->","yoast_head_json":{"title":"Consultor\u00eda personalizada en densitometr\u00eda \u00f3sea | DXASuport","description":"Asesor\u00eda experta en densitometr\u00eda \u00f3sea (DXA): interpretaci\u00f3n de estudios, dudas t\u00e9cnicas y apoyo cl\u00ednico. \u00a1Solicita tu consultor\u00eda ahora!","robots":{"index":"index","follow":"follow","max-snippet":"max-snippet:-1","max-image-preview":"max-image-preview:large","max-video-preview":"max-video-preview:-1"},"canonical":"https:\/\/dxasuport.es\/en\/consultoria-personalizada\/","og_locale":"en_GB","og_type":"article","og_title":"Consultor\u00eda personalizada en densitometr\u00eda \u00f3sea | DXASuport","og_description":"Asesor\u00eda experta en densitometr\u00eda \u00f3sea (DXA): interpretaci\u00f3n de estudios, dudas t\u00e9cnicas y apoyo cl\u00ednico. \u00a1Solicita tu consultor\u00eda ahora!","og_url":"https:\/\/dxasuport.es\/en\/consultoria-personalizada\/","og_site_name":"DXASuport | Consultor\u00eda y Formaci\u00f3n en Densitometr\u00eda \u00d3sea para Profesionales Sanitarios","article_modified_time":"2025-10-23T12:27:13+00:00","og_image":[{"width":1280,"height":720,"url":"https:\/\/dxasuport.es\/wp-content\/uploads\/2025\/07\/WhatsApp-Image-2025-07-25-at-09.58.06.jpeg","type":"image\/jpeg"}],"twitter_card":"summary_large_image","twitter_misc":{"Estimated reading time":"2 minutes"},"schema":{"@context":"https:\/\/schema.org","@graph":[{"@type":"WebPage","@id":"https:\/\/dxasuport.es\/consultoria-personalizada\/","url":"https:\/\/dxasuport.es\/consultoria-personalizada\/","name":"Consultor\u00eda personalizada en densitometr\u00eda \u00f3sea | DXASuport","isPartOf":{"@id":"https:\/\/dxasuport.es\/#website"},"primaryImageOfPage":{"@id":"https:\/\/dxasuport.es\/consultoria-personalizada\/#primaryimage"},"image":{"@id":"https:\/\/dxasuport.es\/consultoria-personalizada\/#primaryimage"},"thumbnailUrl":"https:\/\/dxasuport.es\/wp-content\/uploads\/2025\/07\/WhatsApp-Image-2025-07-25-at-09.58.06.jpeg","datePublished":"2025-07-03T12:54:21+00:00","dateModified":"2025-10-23T12:27:13+00:00","description":"Asesor\u00eda experta en densitometr\u00eda \u00f3sea (DXA): interpretaci\u00f3n de estudios, dudas t\u00e9cnicas y apoyo cl\u00ednico. \u00a1Solicita tu consultor\u00eda ahora!","breadcrumb":{"@id":"https:\/\/dxasuport.es\/consultoria-personalizada\/#breadcrumb"},"inLanguage":"en-GB","potentialAction":[{"@type":"ReadAction","target":["https:\/\/dxasuport.es\/consultoria-personalizada\/"]}]},{"@type":"ImageObject","inLanguage":"en-GB","@id":"https:\/\/dxasuport.es\/consultoria-personalizada\/#primaryimage","url":"https:\/\/dxasuport.es\/wp-content\/uploads\/2025\/07\/WhatsApp-Image-2025-07-25-at-09.58.06.jpeg","contentUrl":"https:\/\/dxasuport.es\/wp-content\/uploads\/2025\/07\/WhatsApp-Image-2025-07-25-at-09.58.06.jpeg"},{"@type":"BreadcrumbList","@id":"https:\/\/dxasuport.es\/consultoria-personalizada\/#breadcrumb","itemListElement":[{"@type":"ListItem","position":1,"name":"Portada","item":"https:\/\/dxasuport.es\/"},{"@type":"ListItem","position":2,"name":"Consultor\u00eda personalizada"}]},{"@type":"WebSite","@id":"https:\/\/dxasuport.es\/#website","url":"https:\/\/dxasuport.es\/","name":"DXASuport | Consultor\u00eda y Formaci\u00f3n en Densitometr\u00eda \u00d3sea para Profesionales Sanitarios","description":"Consultor\u00eda experta y formaci\u00f3n online en densitometr\u00eda \u00f3sea para m\u00e9dicos, t\u00e9cnicos y hospitales. M\u00e1s de 35 a\u00f1os de experiencia. Cursos, asistencia remota y resoluci\u00f3n de dudas cl\u00ednicas.","publisher":{"@id":"https:\/\/dxasuport.es\/#organization"},"potentialAction":[{"@type":"SearchAction","target":{"@type":"EntryPoint","urlTemplate":"https:\/\/dxasuport.es\/?s={search_term_string}"},"query-input":{"@type":"PropertyValueSpecification","valueRequired":true,"valueName":"search_term_string"}}],"inLanguage":"en-GB"},{"@type":"Organization","@id":"https:\/\/dxasuport.es\/#organization","name":"DXASuport | Consultor\u00eda y Formaci\u00f3n en Densitometr\u00eda \u00d3sea para Profesionales Sanitarios","url":"https:\/\/dxasuport.es\/","logo":{"@type":"ImageObject","inLanguage":"en-GB","@id":"https:\/\/dxasuport.es\/#\/schema\/logo\/image\/","url":"https:\/\/dxasuport.es\/wp-content\/uploads\/2025\/06\/DXASuport-logo.png","contentUrl":"https:\/\/dxasuport.es\/wp-content\/uploads\/2025\/06\/DXASuport-logo.png","width":1000,"height":262,"caption":"DXASuport | Consultor\u00eda y Formaci\u00f3n en Densitometr\u00eda \u00d3sea para Profesionales Sanitarios"},"image":{"@id":"https:\/\/dxasuport.es\/#\/schema\/logo\/image\/"}}]}},"_links":{"self":[{"href":"https:\/\/dxasuport.es\/en\/wp-json\/wp\/v2\/pages\/1784","targetHints":{"allow":["GET"]}}],"collection":[{"href":"https:\/\/dxasuport.es\/en\/wp-json\/wp\/v2\/pages"}],"about":[{"href":"https:\/\/dxasuport.es\/en\/wp-json\/wp\/v2\/types\/page"}],"author":[{"embeddable":true,"href":"https:\/\/dxasuport.es\/en\/wp-json\/wp\/v2\/users\/1"}],"replies":[{"embeddable":true,"href":"https:\/\/dxasuport.es\/en\/wp-json\/wp\/v2\/comments?post=1784"}],"version-history":[{"count":29,"href":"https:\/\/dxasuport.es\/en\/wp-json\/wp\/v2\/pages\/1784\/revisions"}],"predecessor-version":[{"id":2009,"href":"https:\/\/dxasuport.es\/en\/wp-json\/wp\/v2\/pages\/1784\/revisions\/2009"}],"wp:attachment":[{"href":"https:\/\/dxasuport.es\/en\/wp-json\/wp\/v2\/media?parent=1784"}],"curies":[{"name":"wp","href":"https:\/\/api.w.org\/{rel}","templated":true}]}}