{"id":1873,"date":"2025-07-21T13:31:58","date_gmt":"2025-07-21T13:31:58","guid":{"rendered":"https:\/\/dxasuport.es\/?page_id=1873"},"modified":"2025-10-07T07:19:39","modified_gmt":"2025-10-07T07:19:39","slug":"blog","status":"publish","type":"page","link":"https:\/\/dxasuport.es\/en\/blog\/","title":{"rendered":"Blog"},"content":{"rendered":"<div data-elementor-type=\"wp-page\" data-elementor-id=\"1873\" class=\"elementor elementor-1873\" data-elementor-post-type=\"page\">\n\t\t\t\t<div data-particle_enable=\"false\" data-particle-mobile-disabled=\"false\" class=\"elementor-element elementor-element-b2bef68 e-flex e-con-boxed e-con e-parent\" data-id=\"b2bef68\" data-element_type=\"container\" data-e-type=\"container\" data-settings=\"{&quot;background_background&quot;:&quot;classic&quot;}\">\n\t\t\t\t\t<div class=\"e-con-inner\">\n\t\t\t\t<div class=\"elementor-element elementor-element-570e5ba elementor-widget elementor-widget-heading\" data-id=\"570e5ba\" data-element_type=\"widget\" data-e-type=\"widget\" data-widget_type=\"heading.default\">\n\t\t\t\t<div class=\"elementor-widget-container\">\n\t\t\t\t\t<h1 class=\"elementor-heading-title elementor-size-default\">Blog DXASuport<\/h1>\t\t\t\t<\/div>\n\t\t\t\t<\/div>\n\t\t\t\t\t<\/div>\n\t\t\t\t<\/div>\n\t\t<div data-particle_enable=\"false\" data-particle-mobile-disabled=\"false\" class=\"elementor-element elementor-element-a481015 e-flex e-con-boxed e-con e-parent\" data-id=\"a481015\" data-element_type=\"container\" data-e-type=\"container\" data-settings=\"{&quot;background_background&quot;:&quot;classic&quot;}\">\n\t\t\t\t\t<div class=\"e-con-inner\">\n\t\t\t\t<div class=\"elementor-element elementor-element-de4c0d5 elementor-widget elementor-widget-text-editor\" data-id=\"de4c0d5\" data-element_type=\"widget\" data-e-type=\"widget\" data-widget_type=\"text-editor.default\">\n\t\t\t\t<div class=\"elementor-widget-container\">\n\t\t\t\t\t\t\t\t\t<p>There are no published articles yet.<\/p>\t\t\t\t\t\t\t\t<\/div>\n\t\t\t\t<\/div>\n\t\t\t\t<div class=\"elementor-element elementor-element-6f6145a elementor-grid-3 elementor-grid-tablet-2 elementor-grid-mobile-1 elementor-posts--thumbnail-top elementor-card-shadow-yes elementor-posts__hover-gradient elementor-widget elementor-widget-posts\" data-id=\"6f6145a\" data-element_type=\"widget\" data-e-type=\"widget\" data-settings=\"{&quot;cards_columns&quot;:&quot;3&quot;,&quot;cards_columns_tablet&quot;:&quot;2&quot;,&quot;cards_columns_mobile&quot;:&quot;1&quot;,&quot;cards_row_gap&quot;:{&quot;unit&quot;:&quot;px&quot;,&quot;size&quot;:35,&quot;sizes&quot;:[]},&quot;cards_row_gap_tablet&quot;:{&quot;unit&quot;:&quot;px&quot;,&quot;size&quot;:&quot;&quot;,&quot;sizes&quot;:[]},&quot;cards_row_gap_mobile&quot;:{&quot;unit&quot;:&quot;px&quot;,&quot;size&quot;:&quot;&quot;,&quot;sizes&quot;:[]}}\" data-widget_type=\"posts.cards\">\n\t\t\t\t<div class=\"elementor-widget-container\">\n\t\t\t\t\t\t\t<div class=\"elementor-posts-container elementor-posts elementor-posts--skin-cards elementor-grid\" role=\"list\">\n\t\t\t\t<article class=\"elementor-post elementor-grid-item post-2083 post type-post status-publish format-standard has-post-thumbnail hentry category-blog tag-densitometria-osea tag-diagnostico-por-imagen tag-dxa tag-osteoporosis tag-salud-osea\" role=\"listitem\">\n\t\t\t<div class=\"elementor-post__card\">\n\t\t\t\t<a class=\"elementor-post__thumbnail__link\" href=\"https:\/\/dxasuport.es\/en\/como-se-hace-una-densitometria-osea-proceso-y-beneficios\/\" tabindex=\"-1\" ><div class=\"elementor-post__thumbnail\"><img fetchpriority=\"high\" decoding=\"async\" width=\"2560\" height=\"1707\" src=\"https:\/\/dxasuport.es\/wp-content\/uploads\/2025\/07\/el-personal-medico-colabora-en-los-procedimientos-de-diagnostico-y-los-planes-de-tratamiento-scaled.jpg\" class=\"attachment-full size-full wp-image-1790\" alt=\"C\u00f3mo se Hace una Densitometr\u00eda \u00d3sea\" srcset=\"https:\/\/dxasuport.es\/wp-content\/uploads\/2025\/07\/el-personal-medico-colabora-en-los-procedimientos-de-diagnostico-y-los-planes-de-tratamiento-scaled.jpg 2560w, https:\/\/dxasuport.es\/wp-content\/uploads\/2025\/07\/el-personal-medico-colabora-en-los-procedimientos-de-diagnostico-y-los-planes-de-tratamiento-300x200.jpg 300w, https:\/\/dxasuport.es\/wp-content\/uploads\/2025\/07\/el-personal-medico-colabora-en-los-procedimientos-de-diagnostico-y-los-planes-de-tratamiento-1024x683.jpg 1024w, https:\/\/dxasuport.es\/wp-content\/uploads\/2025\/07\/el-personal-medico-colabora-en-los-procedimientos-de-diagnostico-y-los-planes-de-tratamiento-768x512.jpg 768w, https:\/\/dxasuport.es\/wp-content\/uploads\/2025\/07\/el-personal-medico-colabora-en-los-procedimientos-de-diagnostico-y-los-planes-de-tratamiento-1536x1024.jpg 1536w, https:\/\/dxasuport.es\/wp-content\/uploads\/2025\/07\/el-personal-medico-colabora-en-los-procedimientos-de-diagnostico-y-los-planes-de-tratamiento-2048x1365.jpg 2048w\" sizes=\"(max-width: 2560px) 100vw, 2560px\" \/><\/div><\/a>\n\t\t\t\t<div class=\"elementor-post__text\">\n\t\t\t\t<h3 class=\"elementor-post__title\">\n\t\t\t<a href=\"https:\/\/dxasuport.es\/en\/como-se-hace-una-densitometria-osea-proceso-y-beneficios\/\" >\n\t\t\t\tC\u00f3mo se Hace una Densitometr\u00eda \u00d3sea | Proceso y Beneficios\t\t\t<\/a>\n\t\t<\/h3>\n\t\t\n\t\t<a class=\"elementor-post__read-more\" href=\"https:\/\/dxasuport.es\/en\/como-se-hace-una-densitometria-osea-proceso-y-beneficios\/\" aria-label=\"Read more about C\u00f3mo se Hace una Densitometr\u00eda \u00d3sea | Proceso y Beneficios\" tabindex=\"-1\" >\n\t\t\tLeer m\u00e1s \u00bb\t\t<\/a>\n\n\t\t\t\t<\/div>\n\t\t\t\t<div class=\"elementor-post__meta-data\">\n\t\t\t\t\t<span class=\"elementor-post-date\">\n\t\t\tJanuary 16, 2026\t\t<\/span>\n\t\t\t\t<\/div>\n\t\t\t\t\t<\/div>\n\t\t<\/article>\n\t\t\t\t<article class=\"elementor-post elementor-grid-item post-2059 post type-post status-publish format-standard has-post-thumbnail hentry category-blog tag-densitometria-osea tag-diagnostico-por-imagen tag-dxa tag-osteoporosis tag-salud-osea\" role=\"listitem\">\n\t\t\t<div class=\"elementor-post__card\">\n\t\t\t\t<a class=\"elementor-post__thumbnail__link\" href=\"https:\/\/dxasuport.es\/en\/recomendaciones-para-hacerse-una-densitometria-osea\/\" tabindex=\"-1\" ><div class=\"elementor-post__thumbnail\"><img decoding=\"async\" width=\"392\" height=\"833\" src=\"https:\/\/dxasuport.es\/wp-content\/uploads\/2025\/06\/IsernH_9k1ayn4av1PEDIATRIA.jpg\" class=\"attachment-full size-full wp-image-1641\" alt=\"recomendaciones para hacerse densitometria osea\" srcset=\"https:\/\/dxasuport.es\/wp-content\/uploads\/2025\/06\/IsernH_9k1ayn4av1PEDIATRIA.jpg 392w, https:\/\/dxasuport.es\/wp-content\/uploads\/2025\/06\/IsernH_9k1ayn4av1PEDIATRIA-141x300.jpg 141w\" sizes=\"(max-width: 392px) 100vw, 392px\" \/><\/div><\/a>\n\t\t\t\t<div class=\"elementor-post__text\">\n\t\t\t\t<h3 class=\"elementor-post__title\">\n\t\t\t<a href=\"https:\/\/dxasuport.es\/en\/recomendaciones-para-hacerse-una-densitometria-osea\/\" >\n\t\t\t\tRecomendaciones para Hacerse una Densitometr\u00eda \u00d3sea\t\t\t<\/a>\n\t\t<\/h3>\n\t\t\n\t\t<a class=\"elementor-post__read-more\" href=\"https:\/\/dxasuport.es\/en\/recomendaciones-para-hacerse-una-densitometria-osea\/\" aria-label=\"Read more about Recomendaciones para Hacerse una Densitometr\u00eda \u00d3sea\" tabindex=\"-1\" >\n\t\t\tLeer m\u00e1s \u00bb\t\t<\/a>\n\n\t\t\t\t<\/div>\n\t\t\t\t<div class=\"elementor-post__meta-data\">\n\t\t\t\t\t<span class=\"elementor-post-date\">\n\t\t\tJanuary 9, 2026\t\t<\/span>\n\t\t\t\t<\/div>\n\t\t\t\t\t<\/div>\n\t\t<\/article>\n\t\t\t\t<article class=\"elementor-post elementor-grid-item post-2013 post type-post status-publish format-standard has-post-thumbnail hentry category-blog tag-composicion-corporal tag-densitometria-osea tag-dxa tag-envejecimiento-saludable tag-fuerza-muscular tag-osteoporosis tag-perdida-de-masa-muscular tag-que-es-la-sarcopenia tag-salud-osea tag-sarcopenia\" role=\"listitem\">\n\t\t\t<div class=\"elementor-post__card\">\n\t\t\t\t<a class=\"elementor-post__thumbnail__link\" href=\"https:\/\/dxasuport.es\/en\/que-es-la-sarcopenia-causas-sintomas-dxa\/\" tabindex=\"-1\" ><div class=\"elementor-post__thumbnail\"><img decoding=\"async\" width=\"552\" height=\"828\" src=\"https:\/\/dxasuport.es\/wp-content\/uploads\/2025\/07\/WhatsApp-Image-2025-07-22-at-09.27.56.jpeg\" class=\"attachment-full size-full wp-image-1890\" alt=\"\u00bfQu\u00e9 es la Sarcopenia?\" srcset=\"https:\/\/dxasuport.es\/wp-content\/uploads\/2025\/07\/WhatsApp-Image-2025-07-22-at-09.27.56.jpeg 552w, https:\/\/dxasuport.es\/wp-content\/uploads\/2025\/07\/WhatsApp-Image-2025-07-22-at-09.27.56-200x300.jpeg 200w\" sizes=\"(max-width: 552px) 100vw, 552px\" \/><\/div><\/a>\n\t\t\t\t<div class=\"elementor-post__text\">\n\t\t\t\t<h3 class=\"elementor-post__title\">\n\t\t\t<a href=\"https:\/\/dxasuport.es\/en\/que-es-la-sarcopenia-causas-sintomas-dxa\/\" >\n\t\t\t\t\u00bfQu\u00e9 es la Sarcopenia? | Causas, S\u00edntomas y sus Relaciones\t\t\t<\/a>\n\t\t<\/h3>\n\t\t\n\t\t<a class=\"elementor-post__read-more\" href=\"https:\/\/dxasuport.es\/en\/que-es-la-sarcopenia-causas-sintomas-dxa\/\" aria-label=\"Read more about \u00bfQu\u00e9 es la Sarcopenia? | Causas, S\u00edntomas y sus Relaciones\" tabindex=\"-1\" >\n\t\t\tLeer m\u00e1s \u00bb\t\t<\/a>\n\n\t\t\t\t<\/div>\n\t\t\t\t<div class=\"elementor-post__meta-data\">\n\t\t\t\t\t<span class=\"elementor-post-date\">\n\t\t\tJanuary 2, 2026\t\t<\/span>\n\t\t\t\t<\/div>\n\t\t\t\t\t<\/div>\n\t\t<\/article>\n\t\t\t\t<\/div>\n\t\t\n\t\t\t\t\t\t<\/div>\n\t\t\t\t<\/div>\n\t\t\t\t\t<\/div>\n\t\t\t\t<\/div>\n\t\t\t\t<\/div>","protected":false},"excerpt":{"rendered":"<p>Blog DXASuport A\u00fan no hay art\u00edculos publicados.<\/p>","protected":false},"author":1,"featured_media":0,"parent":0,"menu_order":0,"comment_status":"closed","ping_status":"closed","template":"","meta":{"site-sidebar-layout":"no-sidebar","site-content-layout":"page-builder","ast-site-content-layout":"full-width-container","site-content-style":"default","site-sidebar-style":"default","ast-global-header-display":"","ast-banner-title-visibility":"","ast-main-header-display":"","ast-hfb-above-header-display":"","ast-hfb-below-header-display":"","ast-hfb-mobile-header-display":"","site-post-title":"disabled","ast-breadcrumbs-content":"","ast-featured-img":"disabled","footer-sml-layout":"","ast-disable-related-posts":"","theme-transparent-header-meta":"default","adv-header-id-meta":"","stick-header-meta":"","header-above-stick-meta":"","header-main-stick-meta":"","header-below-stick-meta":"","astra-migrate-meta-layouts":"set","ast-page-background-enabled":"default","ast-page-background-meta":{"desktop":{"background-color":"var(--ast-global-color-4)","background-image":"","background-repeat":"repeat","background-position":"center center","background-size":"auto","background-attachment":"scroll","background-type":"","background-media":"","overlay-type":"","overlay-color":"","overlay-opacity":"","overlay-gradient":""},"tablet":{"background-color":"","background-image":"","background-repeat":"repeat","background-position":"center center","background-size":"auto","background-attachment":"scroll","background-type":"","background-media":"","overlay-type":"","overlay-color":"","overlay-opacity":"","overlay-gradient":""},"mobile":{"background-color":"","background-image":"","background-repeat":"repeat","background-position":"center center","background-size":"auto","background-attachment":"scroll","background-type":"","background-media":"","overlay-type":"","overlay-color":"","overlay-opacity":"","overlay-gradient":""}},"ast-content-background-meta":{"desktop":{"background-color":"var(--ast-global-color-5)","background-image":"","background-repeat":"repeat","background-position":"center center","background-size":"auto","background-attachment":"scroll","background-type":"","background-media":"","overlay-type":"","overlay-color":"","overlay-opacity":"","overlay-gradient":""},"tablet":{"background-color":"var(--ast-global-color-5)","background-image":"","background-repeat":"repeat","background-position":"center center","background-size":"auto","background-attachment":"scroll","background-type":"","background-media":"","overlay-type":"","overlay-color":"","overlay-opacity":"","overlay-gradient":""},"mobile":{"background-color":"var(--ast-global-color-5)","background-image":"","background-repeat":"repeat","background-position":"center center","background-size":"auto","background-attachment":"scroll","background-type":"","background-media":"","overlay-type":"","overlay-color":"","overlay-opacity":"","overlay-gradient":""}},"_joinchat":[],"footnotes":""},"class_list":["post-1873","page","type-page","status-publish","hentry"],"yoast_head":"<!-- This site is optimized with the Yoast SEO plugin v27.4 - https:\/\/yoast.com\/product\/yoast-seo-wordpress\/ -->\n<title>Blog DXASuport | Noticias y art\u00edculos DXA<\/title>\n<meta name=\"description\" content=\"Art\u00edculos y recursos sobre densitometr\u00eda \u00f3sea, interpretaci\u00f3n DXA y novedades cl\u00ednicas. \u00a1Inf\u00f3rmate ahora y mejora tus habilidades!\" \/>\n<meta name=\"robots\" content=\"index, follow, max-snippet:-1, max-image-preview:large, max-video-preview:-1\" \/>\n<link rel=\"canonical\" href=\"https:\/\/dxasuport.es\/en\/blog\/\" \/>\n<meta property=\"og:locale\" content=\"en_GB\" \/>\n<meta property=\"og:type\" content=\"article\" \/>\n<meta property=\"og:title\" content=\"Blog DXASuport | Noticias y art\u00edculos DXA\" \/>\n<meta property=\"og:description\" content=\"Art\u00edculos y recursos sobre densitometr\u00eda \u00f3sea, interpretaci\u00f3n DXA y novedades cl\u00ednicas. \u00a1Inf\u00f3rmate ahora y mejora tus habilidades!\" \/>\n<meta property=\"og:url\" content=\"https:\/\/dxasuport.es\/en\/blog\/\" \/>\n<meta property=\"og:site_name\" content=\"DXASuport | Consultor\u00eda y Formaci\u00f3n en Densitometr\u00eda \u00d3sea para Profesionales Sanitarios\" \/>\n<meta property=\"article:modified_time\" content=\"2025-10-07T07:19:39+00:00\" \/>\n<meta name=\"twitter:card\" content=\"summary_large_image\" \/>\n<meta name=\"twitter:label1\" content=\"Estimated reading time\" \/>\n\t<meta name=\"twitter:data1\" content=\"1 minute\" \/>\n<script type=\"application\/ld+json\" class=\"yoast-schema-graph\">{\"@context\":\"https:\\\/\\\/schema.org\",\"@graph\":[{\"@type\":\"WebPage\",\"@id\":\"https:\\\/\\\/dxasuport.es\\\/blog\\\/\",\"url\":\"https:\\\/\\\/dxasuport.es\\\/blog\\\/\",\"name\":\"Blog DXASuport | Noticias y art\u00edculos DXA\",\"isPartOf\":{\"@id\":\"https:\\\/\\\/dxasuport.es\\\/#website\"},\"datePublished\":\"2025-07-21T13:31:58+00:00\",\"dateModified\":\"2025-10-07T07:19:39+00:00\",\"description\":\"Art\u00edculos y recursos sobre densitometr\u00eda \u00f3sea, interpretaci\u00f3n DXA y novedades cl\u00ednicas. \u00a1Inf\u00f3rmate ahora y mejora tus habilidades!\",\"breadcrumb\":{\"@id\":\"https:\\\/\\\/dxasuport.es\\\/blog\\\/#breadcrumb\"},\"inLanguage\":\"en-GB\",\"potentialAction\":[{\"@type\":\"ReadAction\",\"target\":[\"https:\\\/\\\/dxasuport.es\\\/blog\\\/\"]}]},{\"@type\":\"BreadcrumbList\",\"@id\":\"https:\\\/\\\/dxasuport.es\\\/blog\\\/#breadcrumb\",\"itemListElement\":[{\"@type\":\"ListItem\",\"position\":1,\"name\":\"Portada\",\"item\":\"https:\\\/\\\/dxasuport.es\\\/\"},{\"@type\":\"ListItem\",\"position\":2,\"name\":\"Blog\"}]},{\"@type\":\"WebSite\",\"@id\":\"https:\\\/\\\/dxasuport.es\\\/#website\",\"url\":\"https:\\\/\\\/dxasuport.es\\\/\",\"name\":\"DXASuport | Consultor\u00eda y Formaci\u00f3n en Densitometr\u00eda \u00d3sea para Profesionales Sanitarios\",\"description\":\"Consultor\u00eda experta y formaci\u00f3n online en densitometr\u00eda \u00f3sea para m\u00e9dicos, t\u00e9cnicos y hospitales. M\u00e1s de 35 a\u00f1os de experiencia. Cursos, asistencia remota y resoluci\u00f3n de dudas cl\u00ednicas.\",\"publisher\":{\"@id\":\"https:\\\/\\\/dxasuport.es\\\/#organization\"},\"potentialAction\":[{\"@type\":\"SearchAction\",\"target\":{\"@type\":\"EntryPoint\",\"urlTemplate\":\"https:\\\/\\\/dxasuport.es\\\/?s={search_term_string}\"},\"query-input\":{\"@type\":\"PropertyValueSpecification\",\"valueRequired\":true,\"valueName\":\"search_term_string\"}}],\"inLanguage\":\"en-GB\"},{\"@type\":\"Organization\",\"@id\":\"https:\\\/\\\/dxasuport.es\\\/#organization\",\"name\":\"DXASuport | Consultor\u00eda y Formaci\u00f3n en Densitometr\u00eda \u00d3sea para Profesionales Sanitarios\",\"url\":\"https:\\\/\\\/dxasuport.es\\\/\",\"logo\":{\"@type\":\"ImageObject\",\"inLanguage\":\"en-GB\",\"@id\":\"https:\\\/\\\/dxasuport.es\\\/#\\\/schema\\\/logo\\\/image\\\/\",\"url\":\"https:\\\/\\\/dxasuport.es\\\/wp-content\\\/uploads\\\/2025\\\/06\\\/DXASuport-logo.png\",\"contentUrl\":\"https:\\\/\\\/dxasuport.es\\\/wp-content\\\/uploads\\\/2025\\\/06\\\/DXASuport-logo.png\",\"width\":1000,\"height\":262,\"caption\":\"DXASuport | Consultor\u00eda y Formaci\u00f3n en Densitometr\u00eda \u00d3sea para Profesionales Sanitarios\"},\"image\":{\"@id\":\"https:\\\/\\\/dxasuport.es\\\/#\\\/schema\\\/logo\\\/image\\\/\"}}]}<\/script>\n<!-- \/ Yoast SEO plugin. -->","yoast_head_json":{"title":"Blog DXASuport | Noticias y art\u00edculos DXA","description":"Art\u00edculos y recursos sobre densitometr\u00eda \u00f3sea, interpretaci\u00f3n DXA y novedades cl\u00ednicas. \u00a1Inf\u00f3rmate ahora y mejora tus habilidades!","robots":{"index":"index","follow":"follow","max-snippet":"max-snippet:-1","max-image-preview":"max-image-preview:large","max-video-preview":"max-video-preview:-1"},"canonical":"https:\/\/dxasuport.es\/en\/blog\/","og_locale":"en_GB","og_type":"article","og_title":"Blog DXASuport | Noticias y art\u00edculos DXA","og_description":"Art\u00edculos y recursos sobre densitometr\u00eda \u00f3sea, interpretaci\u00f3n DXA y novedades cl\u00ednicas. \u00a1Inf\u00f3rmate ahora y mejora tus habilidades!","og_url":"https:\/\/dxasuport.es\/en\/blog\/","og_site_name":"DXASuport | Consultor\u00eda y Formaci\u00f3n en Densitometr\u00eda \u00d3sea para Profesionales Sanitarios","article_modified_time":"2025-10-07T07:19:39+00:00","twitter_card":"summary_large_image","twitter_misc":{"Estimated reading time":"1 minute"},"schema":{"@context":"https:\/\/schema.org","@graph":[{"@type":"WebPage","@id":"https:\/\/dxasuport.es\/blog\/","url":"https:\/\/dxasuport.es\/blog\/","name":"Blog DXASuport | Noticias y art\u00edculos DXA","isPartOf":{"@id":"https:\/\/dxasuport.es\/#website"},"datePublished":"2025-07-21T13:31:58+00:00","dateModified":"2025-10-07T07:19:39+00:00","description":"Art\u00edculos y recursos sobre densitometr\u00eda \u00f3sea, interpretaci\u00f3n DXA y novedades cl\u00ednicas. \u00a1Inf\u00f3rmate ahora y mejora tus habilidades!","breadcrumb":{"@id":"https:\/\/dxasuport.es\/blog\/#breadcrumb"},"inLanguage":"en-GB","potentialAction":[{"@type":"ReadAction","target":["https:\/\/dxasuport.es\/blog\/"]}]},{"@type":"BreadcrumbList","@id":"https:\/\/dxasuport.es\/blog\/#breadcrumb","itemListElement":[{"@type":"ListItem","position":1,"name":"Portada","item":"https:\/\/dxasuport.es\/"},{"@type":"ListItem","position":2,"name":"Blog"}]},{"@type":"WebSite","@id":"https:\/\/dxasuport.es\/#website","url":"https:\/\/dxasuport.es\/","name":"DXASuport | Consultor\u00eda y Formaci\u00f3n en Densitometr\u00eda \u00d3sea para Profesionales Sanitarios","description":"Consultor\u00eda experta y formaci\u00f3n online en densitometr\u00eda \u00f3sea para m\u00e9dicos, t\u00e9cnicos y hospitales. M\u00e1s de 35 a\u00f1os de experiencia. Cursos, asistencia remota y resoluci\u00f3n de dudas cl\u00ednicas.","publisher":{"@id":"https:\/\/dxasuport.es\/#organization"},"potentialAction":[{"@type":"SearchAction","target":{"@type":"EntryPoint","urlTemplate":"https:\/\/dxasuport.es\/?s={search_term_string}"},"query-input":{"@type":"PropertyValueSpecification","valueRequired":true,"valueName":"search_term_string"}}],"inLanguage":"en-GB"},{"@type":"Organization","@id":"https:\/\/dxasuport.es\/#organization","name":"DXASuport | Consultor\u00eda y Formaci\u00f3n en Densitometr\u00eda \u00d3sea para Profesionales Sanitarios","url":"https:\/\/dxasuport.es\/","logo":{"@type":"ImageObject","inLanguage":"en-GB","@id":"https:\/\/dxasuport.es\/#\/schema\/logo\/image\/","url":"https:\/\/dxasuport.es\/wp-content\/uploads\/2025\/06\/DXASuport-logo.png","contentUrl":"https:\/\/dxasuport.es\/wp-content\/uploads\/2025\/06\/DXASuport-logo.png","width":1000,"height":262,"caption":"DXASuport | Consultor\u00eda y Formaci\u00f3n en Densitometr\u00eda \u00d3sea para Profesionales Sanitarios"},"image":{"@id":"https:\/\/dxasuport.es\/#\/schema\/logo\/image\/"}}]}},"_links":{"self":[{"href":"https:\/\/dxasuport.es\/en\/wp-json\/wp\/v2\/pages\/1873","targetHints":{"allow":["GET"]}}],"collection":[{"href":"https:\/\/dxasuport.es\/en\/wp-json\/wp\/v2\/pages"}],"about":[{"href":"https:\/\/dxasuport.es\/en\/wp-json\/wp\/v2\/types\/page"}],"author":[{"embeddable":true,"href":"https:\/\/dxasuport.es\/en\/wp-json\/wp\/v2\/users\/1"}],"replies":[{"embeddable":true,"href":"https:\/\/dxasuport.es\/en\/wp-json\/wp\/v2\/comments?post=1873"}],"version-history":[{"count":8,"href":"https:\/\/dxasuport.es\/en\/wp-json\/wp\/v2\/pages\/1873\/revisions"}],"predecessor-version":[{"id":1999,"href":"https:\/\/dxasuport.es\/en\/wp-json\/wp\/v2\/pages\/1873\/revisions\/1999"}],"wp:attachment":[{"href":"https:\/\/dxasuport.es\/en\/wp-json\/wp\/v2\/media?parent=1873"}],"curies":[{"name":"wp","href":"https:\/\/api.w.org\/{rel}","templated":true}]}}