{"id":3,"date":"2024-08-28T12:05:53","date_gmt":"2024-08-28T12:05:53","guid":{"rendered":"https:\/\/revolutionsoft.shop\/?page_id=3"},"modified":"2025-06-26T11:56:56","modified_gmt":"2025-06-26T11:56:56","slug":"politica-privacidad","status":"publish","type":"page","link":"https:\/\/dxasuport.es\/en\/politica-privacidad\/","title":{"rendered":"Privacy Policy"},"content":{"rendered":"<p data-start=\"220\" data-end=\"650\"><strong data-start=\"220\" data-end=\"242\">Quim Rosales Rafel<\/strong> se compromete a garantizar que su privacidad est\u00e9 protegida. Esta pol\u00edtica de privacidad explica c\u00f3mo usamos la informaci\u00f3n personal que recopilamos a trav\u00e9s de nuestro sitio web y otros canales digitales, en cumplimiento con el <strong data-start=\"472\" data-end=\"524\">Reglamento General de Protecci\u00f3n de Datos (RGPD)<\/strong> (UE 2016\/679) y la <strong data-start=\"544\" data-end=\"567\">Ley Org\u00e1nica 3\/2018<\/strong>, de Protecci\u00f3n de Datos Personales y garant\u00eda de los derechos digitales (LOPDGDD).<\/p>\n<hr data-start=\"652\" data-end=\"655\" \/>\n<h3 data-start=\"657\" data-end=\"697\">Responsable del Tratamiento de Datos<\/h3>\n<ul data-start=\"699\" data-end=\"899\">\n<li data-start=\"699\" data-end=\"738\">\n<p data-start=\"701\" data-end=\"738\"><strong data-start=\"701\" data-end=\"716\">Responsable<\/strong>: Quim Rosales Rafel<\/p>\n<\/li>\n<li data-start=\"739\" data-end=\"761\">\n<p data-start=\"741\" data-end=\"761\"><strong data-start=\"741\" data-end=\"748\">NIF<\/strong>: 35084479A<\/p>\n<\/li>\n<li data-start=\"762\" data-end=\"817\">\n<p data-start=\"764\" data-end=\"817\"><strong data-start=\"764\" data-end=\"784\">Domicilio social<\/strong>: Calle Garbi 2 \u2013 08395, Espa\u00f1a<\/p>\n<\/li>\n<li data-start=\"818\" data-end=\"899\">\n<p data-start=\"820\" data-end=\"899\"><strong data-start=\"820\" data-end=\"842\">Email<\/strong>: <a class=\"cursor-pointer\" rel=\"noopener\" data-start=\"844\" data-end=\"899\">quim.rosales@gmail.com<\/a><\/p>\n<\/li>\n<\/ul>\n<hr data-start=\"901\" data-end=\"904\" \/>\n<h3 data-start=\"906\" data-end=\"937\">Qu\u00e9 informaci\u00f3n recopilamos<\/h3>\n<p data-start=\"939\" data-end=\"991\">Podemos recopilar la siguiente informaci\u00f3n personal:<\/p>\n<ul data-start=\"993\" data-end=\"1274\">\n<li data-start=\"993\" data-end=\"1015\">\n<p data-start=\"995\" data-end=\"1015\">Nombre y apellidos<\/p>\n<\/li>\n<li data-start=\"1016\" data-end=\"1108\">\n<p data-start=\"1018\" data-end=\"1108\">Informaci\u00f3n de contacto, incluyendo direcci\u00f3n de correo electr\u00f3nico y n\u00famero de tel\u00e9fono<\/p>\n<\/li>\n<li data-start=\"1109\" data-end=\"1182\">\n<p data-start=\"1111\" data-end=\"1182\">Informaci\u00f3n demogr\u00e1fica, como c\u00f3digo postal, preferencias e intereses<\/p>\n<\/li>\n<li data-start=\"1183\" data-end=\"1274\">\n<p data-start=\"1185\" data-end=\"1274\">Informaci\u00f3n t\u00e9cnica como direcci\u00f3n IP, tipo de navegador, y datos de navegaci\u00f3n (cookies)<\/p>\n<\/li>\n<\/ul>\n<hr data-start=\"1276\" data-end=\"1279\" \/>\n<h3 data-start=\"1281\" data-end=\"1319\">Finalidad del Tratamiento de Datos<\/h3>\n<p data-start=\"1321\" data-end=\"1426\">Recopilamos esta informaci\u00f3n para ofrecer mejores servicios y, en particular, por las siguientes razones:<\/p>\n<ul data-start=\"1428\" data-end=\"1938\">\n<li data-start=\"1428\" data-end=\"1525\">\n<p data-start=\"1430\" data-end=\"1525\"><strong data-start=\"1430\" data-end=\"1454\">Gesti\u00f3n de consultas<\/strong>: Para responder a preguntas, solicitudes o proporcionar informaci\u00f3n.<\/p>\n<\/li>\n<li data-start=\"1526\" data-end=\"1620\">\n<p data-start=\"1528\" data-end=\"1620\"><strong data-start=\"1528\" data-end=\"1572\">Mejora de nuestros productos y servicios<\/strong>: Utilizamos los datos para an\u00e1lisis internos.<\/p>\n<\/li>\n<li data-start=\"1621\" data-end=\"1801\">\n<p data-start=\"1623\" data-end=\"1801\"><strong data-start=\"1623\" data-end=\"1653\">Comunicaciones comerciales<\/strong>: Con su consentimiento expreso, podemos enviarle informaci\u00f3n promocional sobre productos, servicios o eventos que creemos que pueden interesarle.<\/p>\n<\/li>\n<li data-start=\"1802\" data-end=\"1938\">\n<p data-start=\"1804\" data-end=\"1938\"><strong data-start=\"1804\" data-end=\"1844\">Cumplimiento de obligaciones legales<\/strong>: Cuando sea necesario, procesaremos sus datos para cumplir con nuestras obligaciones legales.<\/p>\n<\/li>\n<\/ul>\n<hr data-start=\"1940\" data-end=\"1943\" \/>\n<h3 data-start=\"1945\" data-end=\"1994\">Legitimaci\u00f3n para el Tratamiento de los Datos<\/h3>\n<p data-start=\"1996\" data-end=\"2180\">La base legal para el tratamiento de sus datos es el <strong data-start=\"2049\" data-end=\"2077\">consentimiento expl\u00edcito<\/strong> proporcionado por usted al aceptar esta pol\u00edtica de privacidad y facilitarnos su informaci\u00f3n personal.<\/p>\n<hr data-start=\"2182\" data-end=\"2185\" \/>\n<h3 data-start=\"2187\" data-end=\"2215\">Derechos de los Usuarios<\/h3>\n<p data-start=\"2217\" data-end=\"2277\">Como titular de los datos personales, usted tiene derecho a:<\/p>\n<ul data-start=\"2279\" data-end=\"2688\">\n<li data-start=\"2279\" data-end=\"2314\">\n<p data-start=\"2281\" data-end=\"2314\">Acceder a sus datos personales.<\/p>\n<\/li>\n<li data-start=\"2315\" data-end=\"2369\">\n<p data-start=\"2317\" data-end=\"2369\">Rectificar cualquier dato incorrecto o incompleto.<\/p>\n<\/li>\n<li data-start=\"2370\" data-end=\"2484\">\n<p data-start=\"2372\" data-end=\"2484\">Solicitar la supresi\u00f3n de sus datos cuando ya no sean necesarios para los fines para los que fueron recogidos.<\/p>\n<\/li>\n<li data-start=\"2485\" data-end=\"2553\">\n<p data-start=\"2487\" data-end=\"2553\">Limitar el tratamiento de sus datos bajo ciertas circunstancias.<\/p>\n<\/li>\n<li data-start=\"2554\" data-end=\"2617\">\n<p data-start=\"2556\" data-end=\"2617\">Oponerse al tratamiento de sus datos con fines comerciales.<\/p>\n<\/li>\n<li data-start=\"2618\" data-end=\"2688\">\n<p data-start=\"2620\" data-end=\"2688\">Portar sus datos a otro responsable cuando sea t\u00e9cnicamente posible.<\/p>\n<\/li>\n<\/ul>\n<p data-start=\"2690\" data-end=\"2975\">Puede ejercer estos derechos enviando un correo electr\u00f3nico a <a class=\"cursor-pointer\" rel=\"noopener\" data-start=\"2752\" data-end=\"2807\">quim.rosales@gmail.com<\/a> o por correo postal a la direcci\u00f3n indicada anteriormente. En todos los casos, deber\u00e1 incluir una copia de su documento de identidad para poder verificar su identidad.<\/p>\n<hr data-start=\"2977\" data-end=\"2980\" \/>\n<h3 data-start=\"2982\" data-end=\"3008\">Seguridad de los Datos<\/h3>\n<p data-start=\"3010\" data-end=\"3258\"><strong data-start=\"3010\" data-end=\"3032\">Quim Rosales Rafel<\/strong> se compromete a garantizar que su informaci\u00f3n est\u00e9 segura. Para evitar el acceso no autorizado o la divulgaci\u00f3n de sus datos personales, hemos implantado medidas de seguridad f\u00edsicas, electr\u00f3nicas y administrativas adecuadas.<\/p>\n<hr data-start=\"3260\" data-end=\"3263\" \/>\n<h3 data-start=\"3265\" data-end=\"3283\">Uso de Cookies<\/h3>\n<p data-start=\"3285\" data-end=\"3491\">Nuestro sitio web utiliza cookies para recopilar informaci\u00f3n t\u00e9cnica y mejorar su experiencia de usuario.<\/p>\n<hr data-start=\"3493\" data-end=\"3496\" \/>\n<h3 data-start=\"3498\" data-end=\"3520\">Retenci\u00f3n de Datos<\/h3>\n<p data-start=\"3522\" data-end=\"3731\">Sus datos personales se conservar\u00e1n mientras exista una relaci\u00f3n comercial o mientras no se solicite su supresi\u00f3n por el interesado, siempre en cumplimiento de los plazos establecidos por la normativa vigente.<\/p>\n<hr data-start=\"3733\" data-end=\"3736\" \/>\n<h3 data-start=\"3738\" data-end=\"3778\">Cambios en la Pol\u00edtica de Privacidad<\/h3>\n<p data-start=\"3780\" data-end=\"3948\"><strong data-start=\"3780\" data-end=\"3802\">Quim Rosales Rafel<\/strong> se reserva el derecho de modificar esta pol\u00edtica de privacidad en cualquier momento. Cualquier cambio ser\u00e1 comunicado a trav\u00e9s de este sitio web.<\/p>\n<hr data-start=\"3950\" data-end=\"3953\" \/>\n<h3 data-start=\"3955\" data-end=\"3967\">Contact<\/h3>\n<p data-start=\"3969\" data-end=\"4180\">Si tiene alguna duda sobre esta pol\u00edtica de privacidad o sobre c\u00f3mo tratamos sus datos personales, puede ponerse en contacto con nosotros a trav\u00e9s de:<br data-start=\"4119\" data-end=\"4122\" \/>\ud83d\udce7 <a class=\"cursor-pointer\" rel=\"noopener\" data-start=\"4125\" data-end=\"4180\">quim.rosales@gmail.com<\/a><\/p>","protected":false},"excerpt":{"rendered":"<p>Quim Rosales Rafel se compromete a garantizar que su privacidad est\u00e9 protegida. Esta pol\u00edtica de privacidad explica c\u00f3mo usamos la informaci\u00f3n personal que recopilamos a trav\u00e9s de nuestro sitio web y otros canales digitales, en cumplimiento con el Reglamento General de Protecci\u00f3n de Datos (RGPD) (UE 2016\/679) y la Ley Org\u00e1nica 3\/2018, de Protecci\u00f3n de [&hellip;]<\/p>\n","protected":false},"author":1,"featured_media":0,"parent":0,"menu_order":0,"comment_status":"closed","ping_status":"open","template":"","meta":{"site-sidebar-layout":"default","site-content-layout":"","ast-site-content-layout":"default","site-content-style":"default","site-sidebar-style":"default","ast-global-header-display":"","ast-banner-title-visibility":"","ast-main-header-display":"","ast-hfb-above-header-display":"","ast-hfb-below-header-display":"","ast-hfb-mobile-header-display":"","site-post-title":"","ast-breadcrumbs-content":"","ast-featured-img":"","footer-sml-layout":"","ast-disable-related-posts":"","theme-transparent-header-meta":"default","adv-header-id-meta":"","stick-header-meta":"","header-above-stick-meta":"","header-main-stick-meta":"","header-below-stick-meta":"","astra-migrate-meta-layouts":"set","ast-page-background-enabled":"default","ast-page-background-meta":{"desktop":{"background-color":"var(--ast-global-color-4)","background-image":"","background-repeat":"repeat","background-position":"center center","background-size":"auto","background-attachment":"scroll","background-type":"","background-media":"","overlay-type":"","overlay-color":"","overlay-opacity":"","overlay-gradient":""},"tablet":{"background-color":"","background-image":"","background-repeat":"repeat","background-position":"center center","background-size":"auto","background-attachment":"scroll","background-type":"","background-media":"","overlay-type":"","overlay-color":"","overlay-opacity":"","overlay-gradient":""},"mobile":{"background-color":"","background-image":"","background-repeat":"repeat","background-position":"center center","background-size":"auto","background-attachment":"scroll","background-type":"","background-media":"","overlay-type":"","overlay-color":"","overlay-opacity":"","overlay-gradient":""}},"ast-content-background-meta":{"desktop":{"background-color":"var(--ast-global-color-5)","background-image":"","background-repeat":"repeat","background-position":"center center","background-size":"auto","background-attachment":"scroll","background-type":"","background-media":"","overlay-type":"","overlay-color":"","overlay-opacity":"","overlay-gradient":""},"tablet":{"background-color":"var(--ast-global-color-5)","background-image":"","background-repeat":"repeat","background-position":"center center","background-size":"auto","background-attachment":"scroll","background-type":"","background-media":"","overlay-type":"","overlay-color":"","overlay-opacity":"","overlay-gradient":""},"mobile":{"background-color":"var(--ast-global-color-5)","background-image":"","background-repeat":"repeat","background-position":"center center","background-size":"auto","background-attachment":"scroll","background-type":"","background-media":"","overlay-type":"","overlay-color":"","overlay-opacity":"","overlay-gradient":""}},"_joinchat":[],"footnotes":""},"class_list":["post-3","page","type-page","status-publish","hentry"],"yoast_head":"<!-- This site is optimized with the Yoast SEO plugin v27.4 - https:\/\/yoast.com\/product\/yoast-seo-wordpress\/ -->\n<title>Pol\u00edtica de Privacidad - DXASuport | Consultor\u00eda y Formaci\u00f3n en Densitometr\u00eda \u00d3sea para Profesionales Sanitarios<\/title>\n<meta name=\"robots\" content=\"noindex, follow\" \/>\n<meta property=\"og:locale\" content=\"en_GB\" \/>\n<meta property=\"og:type\" content=\"article\" \/>\n<meta property=\"og:title\" content=\"Pol\u00edtica de Privacidad - DXASuport | Consultor\u00eda y Formaci\u00f3n en Densitometr\u00eda \u00d3sea para Profesionales Sanitarios\" \/>\n<meta property=\"og:description\" content=\"Quim Rosales Rafel se compromete a garantizar que su privacidad est\u00e9 protegida. Esta pol\u00edtica de privacidad explica c\u00f3mo usamos la informaci\u00f3n personal que recopilamos a trav\u00e9s de nuestro sitio web y otros canales digitales, en cumplimiento con el Reglamento General de Protecci\u00f3n de Datos (RGPD) (UE 2016\/679) y la Ley Org\u00e1nica 3\/2018, de Protecci\u00f3n de [&hellip;]\" \/>\n<meta property=\"og:url\" content=\"https:\/\/dxasuport.es\/en\/politica-privacidad\/\" \/>\n<meta property=\"og:site_name\" content=\"DXASuport | Consultor\u00eda y Formaci\u00f3n en Densitometr\u00eda \u00d3sea para Profesionales Sanitarios\" \/>\n<meta property=\"article:modified_time\" content=\"2025-06-26T11:56:56+00:00\" \/>\n<meta name=\"twitter:card\" content=\"summary_large_image\" \/>\n<meta name=\"twitter:label1\" content=\"Estimated reading time\" \/>\n\t<meta name=\"twitter:data1\" content=\"3 minutes\" \/>\n<script type=\"application\/ld+json\" class=\"yoast-schema-graph\">{\"@context\":\"https:\\\/\\\/schema.org\",\"@graph\":[{\"@type\":\"WebPage\",\"@id\":\"https:\\\/\\\/dxasuport.es\\\/politica-privacidad\\\/\",\"url\":\"https:\\\/\\\/dxasuport.es\\\/politica-privacidad\\\/\",\"name\":\"Pol\u00edtica de Privacidad - DXASuport | Consultor\u00eda y Formaci\u00f3n en Densitometr\u00eda \u00d3sea para Profesionales Sanitarios\",\"isPartOf\":{\"@id\":\"https:\\\/\\\/dxasuport.es\\\/#website\"},\"datePublished\":\"2024-08-28T12:05:53+00:00\",\"dateModified\":\"2025-06-26T11:56:56+00:00\",\"breadcrumb\":{\"@id\":\"https:\\\/\\\/dxasuport.es\\\/politica-privacidad\\\/#breadcrumb\"},\"inLanguage\":\"en-GB\",\"potentialAction\":[{\"@type\":\"ReadAction\",\"target\":[\"https:\\\/\\\/dxasuport.es\\\/politica-privacidad\\\/\"]}]},{\"@type\":\"BreadcrumbList\",\"@id\":\"https:\\\/\\\/dxasuport.es\\\/politica-privacidad\\\/#breadcrumb\",\"itemListElement\":[{\"@type\":\"ListItem\",\"position\":1,\"name\":\"Portada\",\"item\":\"https:\\\/\\\/dxasuport.es\\\/\"},{\"@type\":\"ListItem\",\"position\":2,\"name\":\"Pol\u00edtica de Privacidad\"}]},{\"@type\":\"WebSite\",\"@id\":\"https:\\\/\\\/dxasuport.es\\\/#website\",\"url\":\"https:\\\/\\\/dxasuport.es\\\/\",\"name\":\"DXASuport | Consultor\u00eda y Formaci\u00f3n en Densitometr\u00eda \u00d3sea para Profesionales Sanitarios\",\"description\":\"Consultor\u00eda experta y formaci\u00f3n online en densitometr\u00eda \u00f3sea para m\u00e9dicos, t\u00e9cnicos y hospitales. M\u00e1s de 35 a\u00f1os de experiencia. Cursos, asistencia remota y resoluci\u00f3n de dudas cl\u00ednicas.\",\"publisher\":{\"@id\":\"https:\\\/\\\/dxasuport.es\\\/#organization\"},\"potentialAction\":[{\"@type\":\"SearchAction\",\"target\":{\"@type\":\"EntryPoint\",\"urlTemplate\":\"https:\\\/\\\/dxasuport.es\\\/?s={search_term_string}\"},\"query-input\":{\"@type\":\"PropertyValueSpecification\",\"valueRequired\":true,\"valueName\":\"search_term_string\"}}],\"inLanguage\":\"en-GB\"},{\"@type\":\"Organization\",\"@id\":\"https:\\\/\\\/dxasuport.es\\\/#organization\",\"name\":\"DXASuport | Consultor\u00eda y Formaci\u00f3n en Densitometr\u00eda \u00d3sea para Profesionales Sanitarios\",\"url\":\"https:\\\/\\\/dxasuport.es\\\/\",\"logo\":{\"@type\":\"ImageObject\",\"inLanguage\":\"en-GB\",\"@id\":\"https:\\\/\\\/dxasuport.es\\\/#\\\/schema\\\/logo\\\/image\\\/\",\"url\":\"https:\\\/\\\/dxasuport.es\\\/wp-content\\\/uploads\\\/2025\\\/06\\\/DXASuport-logo.png\",\"contentUrl\":\"https:\\\/\\\/dxasuport.es\\\/wp-content\\\/uploads\\\/2025\\\/06\\\/DXASuport-logo.png\",\"width\":1000,\"height\":262,\"caption\":\"DXASuport | Consultor\u00eda y Formaci\u00f3n en Densitometr\u00eda \u00d3sea para Profesionales Sanitarios\"},\"image\":{\"@id\":\"https:\\\/\\\/dxasuport.es\\\/#\\\/schema\\\/logo\\\/image\\\/\"}}]}<\/script>\n<!-- \/ Yoast SEO plugin. -->","yoast_head_json":{"title":"Pol\u00edtica de Privacidad - DXASuport | Consultor\u00eda y Formaci\u00f3n en Densitometr\u00eda \u00d3sea para Profesionales Sanitarios","robots":{"index":"noindex","follow":"follow"},"og_locale":"en_GB","og_type":"article","og_title":"Pol\u00edtica de Privacidad - DXASuport | Consultor\u00eda y Formaci\u00f3n en Densitometr\u00eda \u00d3sea para Profesionales Sanitarios","og_description":"Quim Rosales Rafel se compromete a garantizar que su privacidad est\u00e9 protegida. Esta pol\u00edtica de privacidad explica c\u00f3mo usamos la informaci\u00f3n personal que recopilamos a trav\u00e9s de nuestro sitio web y otros canales digitales, en cumplimiento con el Reglamento General de Protecci\u00f3n de Datos (RGPD) (UE 2016\/679) y la Ley Org\u00e1nica 3\/2018, de Protecci\u00f3n de [&hellip;]","og_url":"https:\/\/dxasuport.es\/en\/politica-privacidad\/","og_site_name":"DXASuport | Consultor\u00eda y Formaci\u00f3n en Densitometr\u00eda \u00d3sea para Profesionales Sanitarios","article_modified_time":"2025-06-26T11:56:56+00:00","twitter_card":"summary_large_image","twitter_misc":{"Estimated reading time":"3 minutes"},"schema":{"@context":"https:\/\/schema.org","@graph":[{"@type":"WebPage","@id":"https:\/\/dxasuport.es\/politica-privacidad\/","url":"https:\/\/dxasuport.es\/politica-privacidad\/","name":"Pol\u00edtica de Privacidad - DXASuport | Consultor\u00eda y Formaci\u00f3n en Densitometr\u00eda \u00d3sea para Profesionales Sanitarios","isPartOf":{"@id":"https:\/\/dxasuport.es\/#website"},"datePublished":"2024-08-28T12:05:53+00:00","dateModified":"2025-06-26T11:56:56+00:00","breadcrumb":{"@id":"https:\/\/dxasuport.es\/politica-privacidad\/#breadcrumb"},"inLanguage":"en-GB","potentialAction":[{"@type":"ReadAction","target":["https:\/\/dxasuport.es\/politica-privacidad\/"]}]},{"@type":"BreadcrumbList","@id":"https:\/\/dxasuport.es\/politica-privacidad\/#breadcrumb","itemListElement":[{"@type":"ListItem","position":1,"name":"Portada","item":"https:\/\/dxasuport.es\/"},{"@type":"ListItem","position":2,"name":"Pol\u00edtica de Privacidad"}]},{"@type":"WebSite","@id":"https:\/\/dxasuport.es\/#website","url":"https:\/\/dxasuport.es\/","name":"DXASuport | Consultor\u00eda y Formaci\u00f3n en Densitometr\u00eda \u00d3sea para Profesionales Sanitarios","description":"Consultor\u00eda experta y formaci\u00f3n online en densitometr\u00eda \u00f3sea para m\u00e9dicos, t\u00e9cnicos y hospitales. M\u00e1s de 35 a\u00f1os de experiencia. Cursos, asistencia remota y resoluci\u00f3n de dudas cl\u00ednicas.","publisher":{"@id":"https:\/\/dxasuport.es\/#organization"},"potentialAction":[{"@type":"SearchAction","target":{"@type":"EntryPoint","urlTemplate":"https:\/\/dxasuport.es\/?s={search_term_string}"},"query-input":{"@type":"PropertyValueSpecification","valueRequired":true,"valueName":"search_term_string"}}],"inLanguage":"en-GB"},{"@type":"Organization","@id":"https:\/\/dxasuport.es\/#organization","name":"DXASuport | Consultor\u00eda y Formaci\u00f3n en Densitometr\u00eda \u00d3sea para Profesionales Sanitarios","url":"https:\/\/dxasuport.es\/","logo":{"@type":"ImageObject","inLanguage":"en-GB","@id":"https:\/\/dxasuport.es\/#\/schema\/logo\/image\/","url":"https:\/\/dxasuport.es\/wp-content\/uploads\/2025\/06\/DXASuport-logo.png","contentUrl":"https:\/\/dxasuport.es\/wp-content\/uploads\/2025\/06\/DXASuport-logo.png","width":1000,"height":262,"caption":"DXASuport | Consultor\u00eda y Formaci\u00f3n en Densitometr\u00eda \u00d3sea para Profesionales Sanitarios"},"image":{"@id":"https:\/\/dxasuport.es\/#\/schema\/logo\/image\/"}}]}},"_links":{"self":[{"href":"https:\/\/dxasuport.es\/en\/wp-json\/wp\/v2\/pages\/3","targetHints":{"allow":["GET"]}}],"collection":[{"href":"https:\/\/dxasuport.es\/en\/wp-json\/wp\/v2\/pages"}],"about":[{"href":"https:\/\/dxasuport.es\/en\/wp-json\/wp\/v2\/types\/page"}],"author":[{"embeddable":true,"href":"https:\/\/dxasuport.es\/en\/wp-json\/wp\/v2\/users\/1"}],"replies":[{"embeddable":true,"href":"https:\/\/dxasuport.es\/en\/wp-json\/wp\/v2\/comments?post=3"}],"version-history":[{"count":6,"href":"https:\/\/dxasuport.es\/en\/wp-json\/wp\/v2\/pages\/3\/revisions"}],"predecessor-version":[{"id":1621,"href":"https:\/\/dxasuport.es\/en\/wp-json\/wp\/v2\/pages\/3\/revisions\/1621"}],"wp:attachment":[{"href":"https:\/\/dxasuport.es\/en\/wp-json\/wp\/v2\/media?parent=3"}],"curies":[{"name":"wp","href":"https:\/\/api.w.org\/{rel}","templated":true}]}}